{"id":87,"date":"2013-06-23T00:40:00","date_gmt":"2013-06-22T22:40:00","guid":{"rendered":"https:\/\/ntvsys.gabbo.de\/?page_id=87"},"modified":"2018-01-23T10:41:45","modified_gmt":"2018-01-23T08:41:45","slug":"it-dienstleistungen","status":"publish","type":"page","link":"https:\/\/www.ntvsys.de\/wp\/unsere-leistungen\/it-dienstleistungen\/","title":{"rendered":"IT-Dienstleistungen"},"content":{"rendered":"<div class=\"fusion-fullwidth fullwidth-box fusion-builder-row-1 nonhundred-percent-fullwidth non-hundred-percent-height-scrolling\" style=\"--awb-background-position:left top;--awb-border-radius-top-left:0px;--awb-border-radius-top-right:0px;--awb-border-radius-bottom-right:0px;--awb-border-radius-bottom-left:0px;--awb-padding-top:20px;--awb-padding-bottom:20px;--awb-border-sizes-top:0px;--awb-border-sizes-bottom:0px;--awb-flex-wrap:wrap;\" ><div class=\"fusion-builder-row fusion-row\"><div class=\"fusion-layout-column fusion_builder_column fusion-builder-column-0 fusion_builder_column_1_1 1_1 fusion-one-full fusion-column-first fusion-column-last\" style=\"--awb-bg-size:cover;\"><div class=\"fusion-column-wrapper fusion-flex-column-wrapper-legacy\"><div class=\"fusion-text fusion-text-1\"><h2>IT-Dienstleistungen<\/h2>\n<p><img decoding=\"async\" class=\"alignleft wp-image-1001 size-full\" src=\"https:\/\/www.ntvsys.de\/wp\/wp-content\/uploads\/2013\/06\/Service.jpg\" alt=\"ipvideod\" width=\"300\" height=\"140\" \/><\/p>\n<p>Als Spezialisten im IT-Bereich entwerfen und realisieren wir auf Sie zugeschnittene Individuall\u00f6sungen. Von der Analyse des Ist\/Soll-Zustandes, \u00fcber die Inbetriebnahme, bis hin zur Wartung, Pflege und Betreuung stehen wir Ihnen als zuverl\u00e4ssiger und kompetenter Partner zur Verf\u00fcgung.<\/p>\n<p>Die in Ihrem Unternehmen eingesetzte Soft- und Hardware bedarf einer regelm\u00e4\u00dfigen Wartung. Mit unseren umfangreichen Serviceleistungen bieten wir Ihrem Unternehmen Unterst\u00fctzung bei Wartung und Betreuung der IT-Landschaft, garantierte Reaktionszeiten (n. V.) bei auftretenden Problemen sowie Integration von Neuanschaffungen. Nat\u00fcrlich individuell zugeschnitten auf Ihre Bed\u00fcrfnisse.<\/p>\n<p><strong>Unsere Leistungen:<\/strong><\/p>\n<ul>\n<li>Produktberatung f\u00fcr die Realisierung und Implementierung von Kundenw\u00fcnschen (Bedarfsanalyse)<\/li>\n<li>Installation von Software<\/li>\n<li>Installation, Konfiguration sowie Wartung von Clientsystemen, Servern und Anwendungen<\/li>\n<li>Aufbau einer Netzwerk-Infrastruktur f\u00fcr die Arbeitspl\u00e4tze und Server<\/li>\n<li>VPN-L\u00f6sungen im Bereich Security<\/li>\n<li>Optimierung Ihres Netzwerkes durch Netzwerkanalyse<\/li>\n<li>Die Erstellung von Redundanzkonzepten \/ Backupverfahren<\/li>\n<li>Die Planung und Umsetzung von detaillierten Migrationskonzepten auf aktuelle Technologien<\/li>\n<li>Entwicklung und Realisierung von Verkabelungskonzeptenund vieles mehr!<\/li>\n<\/ul>\n<\/div><div class=\"fusion-clearfix\"><\/div><\/div><\/div><\/div><\/div>\n","protected":false},"excerpt":{"rendered":"","protected":false},"author":16,"featured_media":0,"parent":16,"menu_order":0,"comment_status":"closed","ping_status":"closed","template":"","meta":{"footnotes":""},"class_list":["post-87","page","type-page","status-publish","hentry"],"_links":{"self":[{"href":"https:\/\/www.ntvsys.de\/wp\/wp-json\/wp\/v2\/pages\/87","targetHints":{"allow":["GET"]}}],"collection":[{"href":"https:\/\/www.ntvsys.de\/wp\/wp-json\/wp\/v2\/pages"}],"about":[{"href":"https:\/\/www.ntvsys.de\/wp\/wp-json\/wp\/v2\/types\/page"}],"author":[{"embeddable":true,"href":"https:\/\/www.ntvsys.de\/wp\/wp-json\/wp\/v2\/users\/16"}],"replies":[{"embeddable":true,"href":"https:\/\/www.ntvsys.de\/wp\/wp-json\/wp\/v2\/comments?post=87"}],"version-history":[{"count":3,"href":"https:\/\/www.ntvsys.de\/wp\/wp-json\/wp\/v2\/pages\/87\/revisions"}],"predecessor-version":[{"id":2010,"href":"https:\/\/www.ntvsys.de\/wp\/wp-json\/wp\/v2\/pages\/87\/revisions\/2010"}],"up":[{"embeddable":true,"href":"https:\/\/www.ntvsys.de\/wp\/wp-json\/wp\/v2\/pages\/16"}],"wp:attachment":[{"href":"https:\/\/www.ntvsys.de\/wp\/wp-json\/wp\/v2\/media?parent=87"}],"curies":[{"name":"wp","href":"https:\/\/api.w.org\/{rel}","templated":true}]}}