{"id":10075,"date":"2024-11-27T15:46:51","date_gmt":"2024-11-27T13:46:51","guid":{"rendered":"https:\/\/www.ntvsys.de\/wp\/produkt\/intel-xeon-gold-5415-2-9-ghz-8-kerne-16-threads-22-5-mb-cache-speicher-fuer-thinksystem-sr650-v3\/"},"modified":"2026-02-08T12:54:38","modified_gmt":"2026-02-08T10:54:38","slug":"intel-xeon-gold-5415-2-9-ghz-8-kerne-16-threads-22-5-mb-cache-speicher-fuer-thinksystem-sr650-v3","status":"publish","type":"product","link":"https:\/\/www.ntvsys.de\/wp\/produkt\/intel-xeon-gold-5415-2-9-ghz-8-kerne-16-threads-22-5-mb-cache-speicher-fuer-thinksystem-sr650-v3\/","title":{"rendered":"Lenovo Xeon Intel Gold 5415+ Prozessor 2,9 GHz 22,5 MB"},"content":{"rendered":"<p>Lenovo Xeon Intel Gold 5415+. Prozessorfamilie: Intel\u00ae Xeon\u00ae Gold, Prozessorsockel: LGA 4677 (Socket E), Prozessorhersteller: Intel. Speicherkan\u00e4le: Okta-Kanal, Maximaler interner Speicher, vom Prozessor unterst\u00fctzt: 6 TB, Speichertypen, vom Prozessor unterst\u00fctzt: DDR5-SDRAM. Marktsegment: Server, Nutzungsbedingungen: Server\/Enterprise, Unterst\u00fctzte Befehlss\u00e4tze: AMX, SSE4.2, AVX, AVX 2.0, AVX-512. Unterst\u00fctzung der maximalen Enklavengr\u00f6\u00dfe f\u00fcr Intel\u00ae SGX: 128 GB, Intel\u00ae QuickAssist-Technologie (QAT): 1 default devices, Intel\u00ae Dynamic Load Balancer (DLB): 1 default devices. Verpackungsart: Einzelhandels-Box<\/p>\n","protected":false},"excerpt":{"rendered":"<p>Lenovo Xeon Intel Gold 5415+, Intel\u00ae Xeon\u00ae Gold, LGA 4677 (Socket E), Intel, 5415+, 2,9 GHz, Intel Xeon Scalable 4th Gen<\/p>\n","protected":false},"featured_media":12399,"comment_status":"open","ping_status":"closed","template":"","meta":[],"product_brand":[],"product_cat":[1860],"product_tag":[],"class_list":{"0":"post-10075","1":"product","2":"type-product","3":"status-publish","4":"has-post-thumbnail","6":"product_cat-processors-math-corp","8":"first","9":"outofstock","10":"taxable","11":"shipping-taxable","12":"purchasable","13":"product-type-simple"},"_links":{"self":[{"href":"https:\/\/www.ntvsys.de\/wp\/wp-json\/wp\/v2\/product\/10075","targetHints":{"allow":["GET"]}}],"collection":[{"href":"https:\/\/www.ntvsys.de\/wp\/wp-json\/wp\/v2\/product"}],"about":[{"href":"https:\/\/www.ntvsys.de\/wp\/wp-json\/wp\/v2\/types\/product"}],"replies":[{"embeddable":true,"href":"https:\/\/www.ntvsys.de\/wp\/wp-json\/wp\/v2\/comments?post=10075"}],"wp:featuredmedia":[{"embeddable":true,"href":"https:\/\/www.ntvsys.de\/wp\/wp-json\/wp\/v2\/media\/12399"}],"wp:attachment":[{"href":"https:\/\/www.ntvsys.de\/wp\/wp-json\/wp\/v2\/media?parent=10075"}],"wp:term":[{"taxonomy":"product_brand","embeddable":true,"href":"https:\/\/www.ntvsys.de\/wp\/wp-json\/wp\/v2\/product_brand?post=10075"},{"taxonomy":"product_cat","embeddable":true,"href":"https:\/\/www.ntvsys.de\/wp\/wp-json\/wp\/v2\/product_cat?post=10075"},{"taxonomy":"product_tag","embeddable":true,"href":"https:\/\/www.ntvsys.de\/wp\/wp-json\/wp\/v2\/product_tag?post=10075"}],"curies":[{"name":"wp","href":"https:\/\/api.w.org\/{rel}","templated":true}]}}