{"id":10475,"date":"2024-11-27T15:48:55","date_gmt":"2024-11-27T13:48:55","guid":{"rendered":"https:\/\/www.ntvsys.de\/wp\/produkt\/dell-readyrails-static-rails-for-2-4-post-racks-rack-schienen-kit-2u-fuer-poweredge-r510-r515-r520-r720-r720xd\/"},"modified":"2026-02-08T13:03:52","modified_gmt":"2026-02-08T11:03:52","slug":"dell-readyrails-static-rails-for-2-4-post-racks-rack-schienen-kit-2u-fuer-poweredge-r510-r515-r520-r720-r720xd","status":"publish","type":"product","link":"https:\/\/www.ntvsys.de\/wp\/produkt\/dell-readyrails-static-rails-for-2-4-post-racks-rack-schienen-kit-2u-fuer-poweredge-r510-r515-r520-r720-r720xd\/","title":{"rendered":"DELL 770-BBIO Rack Zubeh\u00f6r"},"content":{"rendered":"<p>DELL 770-BBIO. Produktfarbe: Silber, Rack-Kapazit\u00e4t: 2U, Kompatibilit\u00e4t: PowerEdge R510 PowerEdge R515 PowerEdge R520 PowerEdge R530 PowerEdge R720 Poweredge R720xd &#8230;<\/p>\n","protected":false},"excerpt":{"rendered":"<p>DELL 770-BBIO, Silber, 2U, PowerEdge R510 PowerEdge R515 PowerEdge R520 PowerEdge R530 PowerEdge R720 Poweredge R720xd &#8230;<\/p>\n","protected":false},"featured_media":12891,"comment_status":"open","ping_status":"closed","template":"","meta":[],"product_brand":[],"product_cat":[1244],"product_tag":[],"class_list":{"0":"post-10475","1":"product","2":"type-product","3":"status-publish","4":"has-post-thumbnail","6":"product_cat-zubehoer-fuer-server","8":"first","9":"outofstock","10":"taxable","11":"shipping-taxable","12":"purchasable","13":"product-type-simple"},"_links":{"self":[{"href":"https:\/\/www.ntvsys.de\/wp\/wp-json\/wp\/v2\/product\/10475","targetHints":{"allow":["GET"]}}],"collection":[{"href":"https:\/\/www.ntvsys.de\/wp\/wp-json\/wp\/v2\/product"}],"about":[{"href":"https:\/\/www.ntvsys.de\/wp\/wp-json\/wp\/v2\/types\/product"}],"replies":[{"embeddable":true,"href":"https:\/\/www.ntvsys.de\/wp\/wp-json\/wp\/v2\/comments?post=10475"}],"wp:featuredmedia":[{"embeddable":true,"href":"https:\/\/www.ntvsys.de\/wp\/wp-json\/wp\/v2\/media\/12891"}],"wp:attachment":[{"href":"https:\/\/www.ntvsys.de\/wp\/wp-json\/wp\/v2\/media?parent=10475"}],"wp:term":[{"taxonomy":"product_brand","embeddable":true,"href":"https:\/\/www.ntvsys.de\/wp\/wp-json\/wp\/v2\/product_brand?post=10475"},{"taxonomy":"product_cat","embeddable":true,"href":"https:\/\/www.ntvsys.de\/wp\/wp-json\/wp\/v2\/product_cat?post=10475"},{"taxonomy":"product_tag","embeddable":true,"href":"https:\/\/www.ntvsys.de\/wp\/wp-json\/wp\/v2\/product_tag?post=10475"}],"curies":[{"name":"wp","href":"https:\/\/api.w.org\/{rel}","templated":true}]}}