{"id":10557,"date":"2024-11-27T15:49:21","date_gmt":"2024-11-27T13:49:21","guid":{"rendered":"https:\/\/www.ntvsys.de\/wp\/produkt\/dell-dav2216-g01-kvm-switch-16-x-kvm-ports-2-lokale-benutzer-desktop\/"},"modified":"2024-12-10T19:34:27","modified_gmt":"2024-12-10T17:34:27","slug":"dell-dav2216-g01-kvm-switch-16-x-kvm-ports-2-lokale-benutzer-desktop","status":"publish","type":"product","link":"https:\/\/www.ntvsys.de\/wp\/produkt\/dell-dav2216-g01-kvm-switch-16-x-kvm-ports-2-lokale-benutzer-desktop\/","title":{"rendered":"DELL DAV2216-G01 Tastatur\/Video\/Maus (KVM)-Switch Rack-Einbau Silber"},"content":{"rendered":"<p>DELL DAV2216-G01. Tastatur Porttyp: USB, Maus-Porttyp: USB, Video Porttyp: VGA. Unterst\u00fctzte Sicherheitsalgorithmen: 3DES, AES, DES. Maximale Aufl\u00f6sung: 1600 x 1200 Pixel. Produktfarbe: Silber, Rack-Kapazit\u00e4t: 1U. Gewicht: 2,79 kg<\/p>\n","protected":false},"excerpt":{"rendered":"<p>DELL DAV2216-G01, 1600 x 1200 Pixel, Ethernet\/LAN, Rack-Einbau, 1U, Silber<\/p>\n","protected":false},"featured_media":12995,"comment_status":"open","ping_status":"closed","template":"","meta":[],"product_brand":[],"product_cat":[3373],"product_tag":[],"class_list":{"0":"post-10557","1":"product","2":"type-product","3":"status-publish","4":"has-post-thumbnail","6":"product_cat-kvm-switche","8":"first","9":"instock","10":"taxable","11":"shipping-taxable","12":"purchasable","13":"product-type-simple"},"_links":{"self":[{"href":"https:\/\/www.ntvsys.de\/wp\/wp-json\/wp\/v2\/product\/10557","targetHints":{"allow":["GET"]}}],"collection":[{"href":"https:\/\/www.ntvsys.de\/wp\/wp-json\/wp\/v2\/product"}],"about":[{"href":"https:\/\/www.ntvsys.de\/wp\/wp-json\/wp\/v2\/types\/product"}],"replies":[{"embeddable":true,"href":"https:\/\/www.ntvsys.de\/wp\/wp-json\/wp\/v2\/comments?post=10557"}],"wp:featuredmedia":[{"embeddable":true,"href":"https:\/\/www.ntvsys.de\/wp\/wp-json\/wp\/v2\/media\/12995"}],"wp:attachment":[{"href":"https:\/\/www.ntvsys.de\/wp\/wp-json\/wp\/v2\/media?parent=10557"}],"wp:term":[{"taxonomy":"product_brand","embeddable":true,"href":"https:\/\/www.ntvsys.de\/wp\/wp-json\/wp\/v2\/product_brand?post=10557"},{"taxonomy":"product_cat","embeddable":true,"href":"https:\/\/www.ntvsys.de\/wp\/wp-json\/wp\/v2\/product_cat?post=10557"},{"taxonomy":"product_tag","embeddable":true,"href":"https:\/\/www.ntvsys.de\/wp\/wp-json\/wp\/v2\/product_tag?post=10557"}],"curies":[{"name":"wp","href":"https:\/\/api.w.org\/{rel}","templated":true}]}}