{"id":10799,"date":"2024-11-27T15:50:37","date_gmt":"2024-11-27T13:50:37","guid":{"rendered":"https:\/\/www.ntvsys.de\/wp\/produkt\/kb-mice_bo-essential-wired-combo\/"},"modified":"2024-12-10T19:40:24","modified_gmt":"2024-12-10T17:40:24","slug":"kb-mice_bo-essential-wired-combo","status":"publish","type":"product","link":"https:\/\/www.ntvsys.de\/wp\/produkt\/kb-mice_bo-essential-wired-combo\/","title":{"rendered":"Lenovo 4X30L79894 Tastatur Maus enthalten B\u00fcro USB Franz\u00f6sisch Schwarz"},"content":{"rendered":"<p>Lenovo 4X30L79894. Tastatur Formfaktor: Volle Gr\u00f6\u00dfe (100%). Tastatur-Stil: Gerade. \u00dcbertragungstechnik: Kabelgebunden, Ger\u00e4teschnittstelle: USB, Tastatur-Switch: Membran Key Switch, Empfohlene Nutzung: B\u00fcro. Produktfarbe: Schwarz. Maus enthalten<\/p>\n","protected":false},"excerpt":{"rendered":"<p>Lenovo 4X30L79894, Volle Gr\u00f6\u00dfe (100%), Kabelgebunden, USB, Membran Key Switch, Schwarz, Maus enthalten<\/p>\n","protected":false},"featured_media":13333,"comment_status":"open","ping_status":"closed","template":"","meta":[],"product_brand":[],"product_cat":[1131],"product_tag":[],"class_list":{"0":"post-10799","1":"product","2":"type-product","3":"status-publish","4":"has-post-thumbnail","6":"product_cat-tastaturen","8":"first","9":"instock","10":"taxable","11":"shipping-taxable","12":"purchasable","13":"product-type-simple"},"_links":{"self":[{"href":"https:\/\/www.ntvsys.de\/wp\/wp-json\/wp\/v2\/product\/10799","targetHints":{"allow":["GET"]}}],"collection":[{"href":"https:\/\/www.ntvsys.de\/wp\/wp-json\/wp\/v2\/product"}],"about":[{"href":"https:\/\/www.ntvsys.de\/wp\/wp-json\/wp\/v2\/types\/product"}],"replies":[{"embeddable":true,"href":"https:\/\/www.ntvsys.de\/wp\/wp-json\/wp\/v2\/comments?post=10799"}],"wp:featuredmedia":[{"embeddable":true,"href":"https:\/\/www.ntvsys.de\/wp\/wp-json\/wp\/v2\/media\/13333"}],"wp:attachment":[{"href":"https:\/\/www.ntvsys.de\/wp\/wp-json\/wp\/v2\/media?parent=10799"}],"wp:term":[{"taxonomy":"product_brand","embeddable":true,"href":"https:\/\/www.ntvsys.de\/wp\/wp-json\/wp\/v2\/product_brand?post=10799"},{"taxonomy":"product_cat","embeddable":true,"href":"https:\/\/www.ntvsys.de\/wp\/wp-json\/wp\/v2\/product_cat?post=10799"},{"taxonomy":"product_tag","embeddable":true,"href":"https:\/\/www.ntvsys.de\/wp\/wp-json\/wp\/v2\/product_tag?post=10799"}],"curies":[{"name":"wp","href":"https:\/\/api.w.org\/{rel}","templated":true}]}}