{"id":10906,"date":"2024-11-27T15:51:12","date_gmt":"2024-11-27T13:51:12","guid":{"rendered":"https:\/\/www.ntvsys.de\/wp\/produkt\/kb-mice_bo-mouse-kbd-combo-french\/"},"modified":"2024-12-10T19:36:03","modified_gmt":"2024-12-10T17:36:03","slug":"kb-mice_bo-mouse-kbd-combo-french","status":"publish","type":"product","link":"https:\/\/www.ntvsys.de\/wp\/produkt\/kb-mice_bo-mouse-kbd-combo-french\/","title":{"rendered":"Lenovo 4X30H56806 Tastatur Maus enthalten Universal RF Wireless AZERTY Franz\u00f6sisch Schwarz"},"content":{"rendered":"<p>Lenovo 4X30H56806. Tastatur Formfaktor: Volle Gr\u00f6\u00dfe (100%). Tastatur-Stil: Gerade. \u00dcbertragungstechnik: Kabellos, Ger\u00e4teschnittstelle: RF Wireless, Tastaturaufbau: AZERTY, Empfohlene Nutzung: Universal. Produktfarbe: Schwarz. Maus enthalten<\/p>\n","protected":false},"excerpt":{"rendered":"<p>Lenovo 4X30H56806, Volle Gr\u00f6\u00dfe (100%), Kabellos, RF Wireless, AZERTY, Schwarz, Maus enthalten<\/p>\n","protected":false},"featured_media":13482,"comment_status":"open","ping_status":"closed","template":"","meta":[],"product_brand":[],"product_cat":[1131],"product_tag":[],"class_list":{"0":"post-10906","1":"product","2":"type-product","3":"status-publish","4":"has-post-thumbnail","6":"product_cat-tastaturen","8":"first","9":"instock","10":"taxable","11":"shipping-taxable","12":"purchasable","13":"product-type-simple"},"_links":{"self":[{"href":"https:\/\/www.ntvsys.de\/wp\/wp-json\/wp\/v2\/product\/10906","targetHints":{"allow":["GET"]}}],"collection":[{"href":"https:\/\/www.ntvsys.de\/wp\/wp-json\/wp\/v2\/product"}],"about":[{"href":"https:\/\/www.ntvsys.de\/wp\/wp-json\/wp\/v2\/types\/product"}],"replies":[{"embeddable":true,"href":"https:\/\/www.ntvsys.de\/wp\/wp-json\/wp\/v2\/comments?post=10906"}],"wp:featuredmedia":[{"embeddable":true,"href":"https:\/\/www.ntvsys.de\/wp\/wp-json\/wp\/v2\/media\/13482"}],"wp:attachment":[{"href":"https:\/\/www.ntvsys.de\/wp\/wp-json\/wp\/v2\/media?parent=10906"}],"wp:term":[{"taxonomy":"product_brand","embeddable":true,"href":"https:\/\/www.ntvsys.de\/wp\/wp-json\/wp\/v2\/product_brand?post=10906"},{"taxonomy":"product_cat","embeddable":true,"href":"https:\/\/www.ntvsys.de\/wp\/wp-json\/wp\/v2\/product_cat?post=10906"},{"taxonomy":"product_tag","embeddable":true,"href":"https:\/\/www.ntvsys.de\/wp\/wp-json\/wp\/v2\/product_tag?post=10906"}],"curies":[{"name":"wp","href":"https:\/\/api.w.org\/{rel}","templated":true}]}}