{"id":10996,"date":"2024-11-27T15:51:40","date_gmt":"2024-11-27T13:51:40","guid":{"rendered":"https:\/\/www.ntvsys.de\/wp\/produkt\/lenovo-preferred-pro-ii-usb-keyboard-dutch\/"},"modified":"2024-12-10T19:46:19","modified_gmt":"2024-12-10T17:46:19","slug":"lenovo-preferred-pro-ii-usb-keyboard-dutch","status":"publish","type":"product","link":"https:\/\/www.ntvsys.de\/wp\/produkt\/lenovo-preferred-pro-ii-usb-keyboard-dutch\/","title":{"rendered":"Lenovo 4X30M86889 Tastatur Universal USB QWERTY Holl\u00e4ndisch Schwarz"},"content":{"rendered":"<p>Lenovo 4X30M86889. Tastatur Formfaktor: Volle Gr\u00f6\u00dfe (100%). Tastatur-Stil: Gerade. \u00dcbertragungstechnik: Kabelgebunden, Ger\u00e4teschnittstelle: USB, Tastaturaufbau: QWERTY, Empfohlene Nutzung: Universal. Produktfarbe: Schwarz<\/p>\n","protected":false},"excerpt":{"rendered":"<p>Lenovo 4X30M86889, Volle Gr\u00f6\u00dfe (100%), Kabelgebunden, USB, QWERTY, Schwarz<\/p>\n","protected":false},"featured_media":13585,"comment_status":"open","ping_status":"closed","template":"","meta":[],"product_brand":[],"product_cat":[1131],"product_tag":[],"class_list":{"0":"post-10996","1":"product","2":"type-product","3":"status-publish","4":"has-post-thumbnail","6":"product_cat-tastaturen","8":"first","9":"instock","10":"taxable","11":"shipping-taxable","12":"purchasable","13":"product-type-simple"},"_links":{"self":[{"href":"https:\/\/www.ntvsys.de\/wp\/wp-json\/wp\/v2\/product\/10996","targetHints":{"allow":["GET"]}}],"collection":[{"href":"https:\/\/www.ntvsys.de\/wp\/wp-json\/wp\/v2\/product"}],"about":[{"href":"https:\/\/www.ntvsys.de\/wp\/wp-json\/wp\/v2\/types\/product"}],"replies":[{"embeddable":true,"href":"https:\/\/www.ntvsys.de\/wp\/wp-json\/wp\/v2\/comments?post=10996"}],"wp:featuredmedia":[{"embeddable":true,"href":"https:\/\/www.ntvsys.de\/wp\/wp-json\/wp\/v2\/media\/13585"}],"wp:attachment":[{"href":"https:\/\/www.ntvsys.de\/wp\/wp-json\/wp\/v2\/media?parent=10996"}],"wp:term":[{"taxonomy":"product_brand","embeddable":true,"href":"https:\/\/www.ntvsys.de\/wp\/wp-json\/wp\/v2\/product_brand?post=10996"},{"taxonomy":"product_cat","embeddable":true,"href":"https:\/\/www.ntvsys.de\/wp\/wp-json\/wp\/v2\/product_cat?post=10996"},{"taxonomy":"product_tag","embeddable":true,"href":"https:\/\/www.ntvsys.de\/wp\/wp-json\/wp\/v2\/product_tag?post=10996"}],"curies":[{"name":"wp","href":"https:\/\/api.w.org\/{rel}","templated":true}]}}