{"id":11018,"date":"2024-11-27T15:51:47","date_gmt":"2024-11-27T13:51:47","guid":{"rendered":"https:\/\/www.ntvsys.de\/wp\/produkt\/thinksystem-2-5in-hdd-1tb-7-2k-sas-12gb\/"},"modified":"2024-12-10T19:41:06","modified_gmt":"2024-12-10T17:41:06","slug":"thinksystem-2-5in-hdd-1tb-7-2k-sas-12gb","status":"publish","type":"product","link":"https:\/\/www.ntvsys.de\/wp\/produkt\/thinksystem-2-5in-hdd-1tb-7-2k-sas-12gb\/","title":{"rendered":"Lenovo 7XB7A00034 Interne Festplatte 1 TB 7200 RPM 2.5&#8243; SAS"},"content":{"rendered":"<p>Lenovo 7XB7A00034. HDD Kapazit\u00e4t: 1 TB, HDD Geschwindigkeit: 7200 RPM, HDD Gr\u00f6\u00dfe: 2.5&#8243;, Schnittstelle: SAS<\/p>\n","protected":false},"excerpt":{"rendered":"<p>Lenovo 7XB7A00034, 1 TB, 7200 RPM, 2.5&#8243;, SAS<\/p>\n","protected":false},"featured_media":13613,"comment_status":"open","ping_status":"closed","template":"","meta":[],"product_brand":[],"product_cat":[1115],"product_tag":[],"class_list":{"0":"post-11018","1":"product","2":"type-product","3":"status-publish","4":"has-post-thumbnail","6":"product_cat-interne-festplatten","8":"first","9":"instock","10":"taxable","11":"shipping-taxable","12":"purchasable","13":"product-type-simple"},"_links":{"self":[{"href":"https:\/\/www.ntvsys.de\/wp\/wp-json\/wp\/v2\/product\/11018","targetHints":{"allow":["GET"]}}],"collection":[{"href":"https:\/\/www.ntvsys.de\/wp\/wp-json\/wp\/v2\/product"}],"about":[{"href":"https:\/\/www.ntvsys.de\/wp\/wp-json\/wp\/v2\/types\/product"}],"replies":[{"embeddable":true,"href":"https:\/\/www.ntvsys.de\/wp\/wp-json\/wp\/v2\/comments?post=11018"}],"wp:featuredmedia":[{"embeddable":true,"href":"https:\/\/www.ntvsys.de\/wp\/wp-json\/wp\/v2\/media\/13613"}],"wp:attachment":[{"href":"https:\/\/www.ntvsys.de\/wp\/wp-json\/wp\/v2\/media?parent=11018"}],"wp:term":[{"taxonomy":"product_brand","embeddable":true,"href":"https:\/\/www.ntvsys.de\/wp\/wp-json\/wp\/v2\/product_brand?post=11018"},{"taxonomy":"product_cat","embeddable":true,"href":"https:\/\/www.ntvsys.de\/wp\/wp-json\/wp\/v2\/product_cat?post=11018"},{"taxonomy":"product_tag","embeddable":true,"href":"https:\/\/www.ntvsys.de\/wp\/wp-json\/wp\/v2\/product_tag?post=11018"}],"curies":[{"name":"wp","href":"https:\/\/api.w.org\/{rel}","templated":true}]}}