{"id":11188,"date":"2024-11-27T15:52:39","date_gmt":"2024-11-27T13:52:39","guid":{"rendered":"https:\/\/www.ntvsys.de\/wp\/produkt\/cherry-gentix-silent-maus-optisch-3-tasten-kabelgebunden-usb-schwarz\/"},"modified":"2026-02-08T12:56:05","modified_gmt":"2026-02-08T10:56:05","slug":"cherry-gentix-silent-maus-optisch-3-tasten-kabelgebunden-usb-schwarz","status":"publish","type":"product","link":"https:\/\/www.ntvsys.de\/wp\/produkt\/cherry-gentix-silent-maus-optisch-3-tasten-kabelgebunden-usb-schwarz\/","title":{"rendered":"CHERRY GENTIX SILENT Kabelgebundene Maus, Schwarz, USB"},"content":{"rendered":"<p>CHERRY GENTIX SILENT Kabelgebundene Maus, Schwarz, USB. Formfaktor: Beidh\u00e4ndig. Bewegungerfassungs Technologie: Optisch, Ger\u00e4teschnittstelle: USB Typ-A, Bewegung Aufl\u00f6sung: 1000 DPI, Tastentyp: Touch-Tasten, Knopfanzahl: 3, Scroll Typ: Rad. Produktfarbe: Schwarz<\/p>\n","protected":false},"excerpt":{"rendered":"<p>CHERRY GENTIX SILENT Kabelgebundene Maus, Schwarz, USB, Beidh\u00e4ndig, Optisch, USB Typ-A, 1000 DPI, Schwarz<\/p>\n","protected":false},"featured_media":13790,"comment_status":"open","ping_status":"closed","template":"","meta":[],"product_brand":[],"product_cat":[1071],"product_tag":[],"class_list":{"0":"post-11188","1":"product","2":"type-product","3":"status-publish","4":"has-post-thumbnail","6":"product_cat-maeuse","8":"first","9":"outofstock","10":"taxable","11":"shipping-taxable","12":"purchasable","13":"product-type-simple"},"_links":{"self":[{"href":"https:\/\/www.ntvsys.de\/wp\/wp-json\/wp\/v2\/product\/11188","targetHints":{"allow":["GET"]}}],"collection":[{"href":"https:\/\/www.ntvsys.de\/wp\/wp-json\/wp\/v2\/product"}],"about":[{"href":"https:\/\/www.ntvsys.de\/wp\/wp-json\/wp\/v2\/types\/product"}],"replies":[{"embeddable":true,"href":"https:\/\/www.ntvsys.de\/wp\/wp-json\/wp\/v2\/comments?post=11188"}],"wp:featuredmedia":[{"embeddable":true,"href":"https:\/\/www.ntvsys.de\/wp\/wp-json\/wp\/v2\/media\/13790"}],"wp:attachment":[{"href":"https:\/\/www.ntvsys.de\/wp\/wp-json\/wp\/v2\/media?parent=11188"}],"wp:term":[{"taxonomy":"product_brand","embeddable":true,"href":"https:\/\/www.ntvsys.de\/wp\/wp-json\/wp\/v2\/product_brand?post=11188"},{"taxonomy":"product_cat","embeddable":true,"href":"https:\/\/www.ntvsys.de\/wp\/wp-json\/wp\/v2\/product_cat?post=11188"},{"taxonomy":"product_tag","embeddable":true,"href":"https:\/\/www.ntvsys.de\/wp\/wp-json\/wp\/v2\/product_tag?post=11188"}],"curies":[{"name":"wp","href":"https:\/\/api.w.org\/{rel}","templated":true}]}}