{"id":11208,"date":"2024-11-27T15:52:45","date_gmt":"2024-11-27T13:52:45","guid":{"rendered":"https:\/\/www.ntvsys.de\/wp\/produkt\/eco-3m-green-cat6-cable\/"},"modified":"2026-02-08T13:06:54","modified_gmt":"2026-02-08T11:06:54","slug":"eco-3m-green-cat6-cable","status":"publish","type":"product","link":"https:\/\/www.ntvsys.de\/wp\/produkt\/eco-3m-green-cat6-cable\/","title":{"rendered":"Lenovo 00WE139 Netzwerkkabel Gr\u00fcn 3 m Cat6"},"content":{"rendered":"<p>Lenovo 00WE139. Kabell\u00e4nge: 3 m, Kabelstandard: Cat6, Anschluss 1: RJ-45, Anschluss 2: RJ-45, Produktfarbe: Gr\u00fcn<\/p>\n","protected":false},"excerpt":{"rendered":"<p>Lenovo 00WE139, 3 m, Cat6, RJ-45, RJ-45, Gr\u00fcn<\/p>\n","protected":false},"featured_media":13825,"comment_status":"open","ping_status":"closed","template":"","meta":[],"product_brand":[],"product_cat":[1141],"product_tag":[],"class_list":{"0":"post-11208","1":"product","2":"type-product","3":"status-publish","4":"has-post-thumbnail","6":"product_cat-kupferkabel","8":"first","9":"outofstock","10":"taxable","11":"shipping-taxable","12":"purchasable","13":"product-type-simple"},"_links":{"self":[{"href":"https:\/\/www.ntvsys.de\/wp\/wp-json\/wp\/v2\/product\/11208","targetHints":{"allow":["GET"]}}],"collection":[{"href":"https:\/\/www.ntvsys.de\/wp\/wp-json\/wp\/v2\/product"}],"about":[{"href":"https:\/\/www.ntvsys.de\/wp\/wp-json\/wp\/v2\/types\/product"}],"replies":[{"embeddable":true,"href":"https:\/\/www.ntvsys.de\/wp\/wp-json\/wp\/v2\/comments?post=11208"}],"wp:featuredmedia":[{"embeddable":true,"href":"https:\/\/www.ntvsys.de\/wp\/wp-json\/wp\/v2\/media\/13825"}],"wp:attachment":[{"href":"https:\/\/www.ntvsys.de\/wp\/wp-json\/wp\/v2\/media?parent=11208"}],"wp:term":[{"taxonomy":"product_brand","embeddable":true,"href":"https:\/\/www.ntvsys.de\/wp\/wp-json\/wp\/v2\/product_brand?post=11208"},{"taxonomy":"product_cat","embeddable":true,"href":"https:\/\/www.ntvsys.de\/wp\/wp-json\/wp\/v2\/product_cat?post=11208"},{"taxonomy":"product_tag","embeddable":true,"href":"https:\/\/www.ntvsys.de\/wp\/wp-json\/wp\/v2\/product_tag?post=11208"}],"curies":[{"name":"wp","href":"https:\/\/api.w.org\/{rel}","templated":true}]}}