{"id":11293,"date":"2024-11-27T15:53:12","date_gmt":"2024-11-27T13:53:12","guid":{"rendered":"https:\/\/www.ntvsys.de\/wp\/produkt\/dell-kb522-tastatur-usb-qwerty-us-international-schwarz\/"},"modified":"2024-12-10T19:45:15","modified_gmt":"2024-12-10T17:45:15","slug":"dell-kb522-tastatur-usb-qwerty-us-international-schwarz","status":"publish","type":"product","link":"https:\/\/www.ntvsys.de\/wp\/produkt\/dell-kb522-tastatur-usb-qwerty-us-international-schwarz\/","title":{"rendered":"DELL KB522 Tastatur Universal USB QWERTY US International Schwarz"},"content":{"rendered":"<p>DELL KB522. Tastatur Formfaktor: Volle Gr\u00f6\u00dfe (100%). Tastatur-Stil: Gerade. \u00dcbertragungstechnik: Kabelgebunden, Ger\u00e4teschnittstelle: USB, Tastatur-Switch: Membran Key Switch, Tastaturaufbau: QWERTY, Tastatur &#8211; Tastenanzahl: 104, USB-Hub, Empfohlene Nutzung: Universal. Produktfarbe: Schwarz<\/p>\n","protected":false},"excerpt":{"rendered":"<p>DELL KB522, Volle Gr\u00f6\u00dfe (100%), Kabelgebunden, USB, Membran Key Switch, QWERTY, Schwarz<\/p>\n","protected":false},"featured_media":13906,"comment_status":"open","ping_status":"closed","template":"","meta":[],"product_brand":[],"product_cat":[1131],"product_tag":[],"class_list":{"0":"post-11293","1":"product","2":"type-product","3":"status-publish","4":"has-post-thumbnail","6":"product_cat-tastaturen","8":"first","9":"instock","10":"taxable","11":"shipping-taxable","12":"purchasable","13":"product-type-simple"},"_links":{"self":[{"href":"https:\/\/www.ntvsys.de\/wp\/wp-json\/wp\/v2\/product\/11293","targetHints":{"allow":["GET"]}}],"collection":[{"href":"https:\/\/www.ntvsys.de\/wp\/wp-json\/wp\/v2\/product"}],"about":[{"href":"https:\/\/www.ntvsys.de\/wp\/wp-json\/wp\/v2\/types\/product"}],"replies":[{"embeddable":true,"href":"https:\/\/www.ntvsys.de\/wp\/wp-json\/wp\/v2\/comments?post=11293"}],"wp:featuredmedia":[{"embeddable":true,"href":"https:\/\/www.ntvsys.de\/wp\/wp-json\/wp\/v2\/media\/13906"}],"wp:attachment":[{"href":"https:\/\/www.ntvsys.de\/wp\/wp-json\/wp\/v2\/media?parent=11293"}],"wp:term":[{"taxonomy":"product_brand","embeddable":true,"href":"https:\/\/www.ntvsys.de\/wp\/wp-json\/wp\/v2\/product_brand?post=11293"},{"taxonomy":"product_cat","embeddable":true,"href":"https:\/\/www.ntvsys.de\/wp\/wp-json\/wp\/v2\/product_cat?post=11293"},{"taxonomy":"product_tag","embeddable":true,"href":"https:\/\/www.ntvsys.de\/wp\/wp-json\/wp\/v2\/product_tag?post=11293"}],"curies":[{"name":"wp","href":"https:\/\/api.w.org\/{rel}","templated":true}]}}