{"id":1143,"date":"2014-12-15T13:56:23","date_gmt":"2014-12-15T11:56:23","guid":{"rendered":"https:\/\/www.ntvsys.de\/wp\/?product=axis-m3027-pve-0556-001"},"modified":"2014-12-15T14:03:30","modified_gmt":"2014-12-15T12:03:30","slug":"axis-m3027-pve-0556-001","status":"publish","type":"product","link":"https:\/\/www.ntvsys.de\/wp\/produkt\/axis-m3027-pve-0556-001\/","title":{"rendered":"Axis M3027 &#8211; PVE (0556-001)"},"content":{"rendered":"<ul>\n<li>360\u00b0\/180\u00b0-Panoramaansichten mit bis zu 5 MP Aufl\u00f6sung<\/li>\n<li>Kompaktes, vandalismusgesch\u00fctztes und f\u00fcr den Au\u00dfenbereich konzipiertes Design<\/li>\n<li>Ein-\/Ausg\u00e4nge f\u00fcr externe Ger\u00e4te<\/li>\n<li>Digitales PTZ und Multi-View-Streaming mit entzerrten Ansichten<\/li>\n<li>Erweiterte Kapazit\u00e4t f\u00fcr Videoanalysen<\/li>\n<li><a href=\"https:\/\/www.ntvsys.de\/wp\/wp-content\/uploads\/2014\/12\/um_m3027_pve_61198_en_1412.pdf\" target=\"_blank\">PDF<\/a><\/li>\n<\/ul>\n<p>360\u00b0- oder 180\u00b0-Panorama\u00fcberwachung<\/p>\n<p>Die AXIS M3027-PVE Netzwerk-Kamera ist eine Mini-Fixed-Dome-Kamera mit 5 Megapixeln, die detailreiche, hochwertige 360\u00b0- oder 180\u00b0-Panoramaansichten liefert. Die vandalismusgesch\u00fctzte, f\u00fcr den Au\u00dfenbereich geeignete kleine Dome-Kamera eignet sich zum Erkennen von Aktivit\u00e4ten, um Personenstr\u00f6me zu verfolgen und um das Fl\u00e4chenmanagement zu verbessern. Die Kamera ist ideal geeignet zur Innen- und Au\u00dfeninstallation in Hotels, Tankstellen, Boutiquen, Restaurants, Schulen und B\u00fcros.<\/p>\n<p>Unterschiedliche Ansichten<\/p>\n<p>Die AXIS M3027-PVE bietet verschiedene Ansichten: 360\u00b0-Rundumsicht und entzerrte Ansichten wie Panorama, Doppelpanorama und Vierfachansichten. Die Vierfachansicht ist zum Beispiel n\u00fctzlich, wenn die Kamera an einer Kreuzung platziert ist. Die Kamera bietet zudem vier individuell ausgeschnittene und entzerrte Ansichtsbereiche, in denen Nutzer Bereiche von Interesse digital schwenken, neigen und zoomen k\u00f6nnen. Mehrere Videostreams in H.264 und Motion JPEG k\u00f6nnen gleichzeitig gesendet werden.<\/p>\n<p>Video ansehen<\/p>\n<p>F\u00fcr den Au\u00dfenbereich geeignet, mit Tag-\/Nacht-Funktion<\/p>\n<p>Die Mini-Dome-Kamera ist f\u00fcr den Au\u00dfenbereich geeignet und vandalismusgesch\u00fctzt nach IP66, NEMA 4X und IK10. Sie verf\u00fcgt \u00fcber eine Tag-\/Nacht-Funktion mit automatisch schwenkbarem Infrarot-Sperrfilter. Bei weggeschwenktem Filter kann die Kamera mithilfe des unsichtbaren Nah-Infrarotlichts aus verf\u00fcgbaren Lichtquellen hochwertige Schwarzwei\u00df-Videobilder liefern.<\/p>\n<p>Einfache und flexible Installation<\/p>\n<p>Die AXIS M3027-PVE kann an einer Wand oder Decke angebracht werden. Die Kamera wird werksseitig fokussiert, was die Installationszeit verk\u00fcrzt. Sie ist mit einem 2 m langen Netzwerkkabel ausger\u00fcstet und unterst\u00fctzt Power over Ethernet (IEEE 802.3af). Damit sind keine Stromkabel mehr n\u00f6tig und die Installationskosten werden reduziert.<\/p>\n<p>Intelligentes Video und Videoverwaltung<\/p>\n<p>Die AXIS M3027-PVE bietet Videobewegungserkennung und aktiven Manipulationsalarm. Die Kamera unterst\u00fctzt zudem die Installation intelligenter Videoanwendungen wie beispielsweise Personenz\u00e4hlung und Heat Mapping, durch die AXIS Camera Application Platform. Daneben k\u00f6nnen \u00fcber den in die Kamera eingebauten microSDHC-Karteneinschub die Aufzeichnungen mehrerer Tage lokal auf einer Speicherkarte gespeichert werden. Wird das lokale Speichermedium zusammen mit dem kostenlosen\u00a0 AXIS Camera Companion genutzt, k\u00f6nnen Benutzer auf einfache Weise Videos von bis zu 16 Kameras pro Standort aus der Ferne ansehen und steuern.<\/p>\n","protected":false},"excerpt":{"rendered":"<p>Bildsensor: 5.0 Megapixel 1\/3.2&#8243; CMOS \u2022 Aufl\u00f6sung: 2592&#215;1944 \u2022 Objektiv: 2.8mm (F2.0) \u2022 Lichtempfindlichkeit: 0.3 Lux (Farbe), 0.06 Lux (S\/W) \u2022 Sichtwinkel: 187\u00b0 (horizontal) \u2022 Schwenken: -180\u00b0 bis 180\u00b0 (manuell) \u2022 Neigen: N\/A \u2022 Komprimierung: H.264, MJPEG \u2022 Schnittstellen: 1x LAN (PoE), 1x Alarmeingang, 1x Alarmausgang, microSDXC-Slot \u2022 Schutzklasse: IP66, IK10, NEMA 4X \u2022 Besonderheiten: Outdoor, Dome, Bewegungserkennung, Multistreaming, ONVIF, IPv6 \u2022 Herstellergarantie: ein Jahr<\/p>\n","protected":false},"featured_media":1144,"comment_status":"closed","ping_status":"closed","template":"","meta":[],"product_brand":[],"product_cat":[30,23],"product_tag":[],"class_list":{"0":"post-1143","1":"product","2":"type-product","3":"status-publish","4":"has-post-thumbnail","6":"product_cat-dome-kameras","7":"product_cat-videoueberwachung","9":"first","10":"instock","11":"taxable","12":"shipping-taxable","13":"purchasable","14":"product-type-simple"},"_links":{"self":[{"href":"https:\/\/www.ntvsys.de\/wp\/wp-json\/wp\/v2\/product\/1143","targetHints":{"allow":["GET"]}}],"collection":[{"href":"https:\/\/www.ntvsys.de\/wp\/wp-json\/wp\/v2\/product"}],"about":[{"href":"https:\/\/www.ntvsys.de\/wp\/wp-json\/wp\/v2\/types\/product"}],"replies":[{"embeddable":true,"href":"https:\/\/www.ntvsys.de\/wp\/wp-json\/wp\/v2\/comments?post=1143"}],"wp:featuredmedia":[{"embeddable":true,"href":"https:\/\/www.ntvsys.de\/wp\/wp-json\/wp\/v2\/media\/1144"}],"wp:attachment":[{"href":"https:\/\/www.ntvsys.de\/wp\/wp-json\/wp\/v2\/media?parent=1143"}],"wp:term":[{"taxonomy":"product_brand","embeddable":true,"href":"https:\/\/www.ntvsys.de\/wp\/wp-json\/wp\/v2\/product_brand?post=1143"},{"taxonomy":"product_cat","embeddable":true,"href":"https:\/\/www.ntvsys.de\/wp\/wp-json\/wp\/v2\/product_cat?post=1143"},{"taxonomy":"product_tag","embeddable":true,"href":"https:\/\/www.ntvsys.de\/wp\/wp-json\/wp\/v2\/product_tag?post=1143"}],"curies":[{"name":"wp","href":"https:\/\/api.w.org\/{rel}","templated":true}]}}