{"id":11508,"date":"2024-11-27T15:54:18","date_gmt":"2024-11-27T13:54:18","guid":{"rendered":"https:\/\/www.ntvsys.de\/wp\/produkt\/lenovo-storage-10tb-hdd-7-2k-3-5in-nl-sa\/"},"modified":"2026-02-08T13:06:15","modified_gmt":"2026-02-08T11:06:15","slug":"lenovo-storage-10tb-hdd-7-2k-3-5in-nl-sa","status":"publish","type":"product","link":"https:\/\/www.ntvsys.de\/wp\/produkt\/lenovo-storage-10tb-hdd-7-2k-3-5in-nl-sa\/","title":{"rendered":"Lenovo 01DC626 Interne Festplatte 10 TB 7200 RPM 3.5&#8243; SAS"},"content":{"rendered":"<p>Lenovo 01DC626. HDD Kapazit\u00e4t: 10 TB, HDD Geschwindigkeit: 7200 RPM, HDD Gr\u00f6\u00dfe: 3.5&#8243;, Schnittstelle: SAS<\/p>\n","protected":false},"excerpt":{"rendered":"<p>Lenovo 01DC626, 10 TB, 7200 RPM, 3.5&#8243;, SAS<\/p>\n","protected":false},"featured_media":14146,"comment_status":"open","ping_status":"closed","template":"","meta":[],"product_brand":[],"product_cat":[1115],"product_tag":[],"class_list":{"0":"post-11508","1":"product","2":"type-product","3":"status-publish","4":"has-post-thumbnail","6":"product_cat-interne-festplatten","8":"first","9":"outofstock","10":"taxable","11":"shipping-taxable","12":"purchasable","13":"product-type-simple"},"_links":{"self":[{"href":"https:\/\/www.ntvsys.de\/wp\/wp-json\/wp\/v2\/product\/11508","targetHints":{"allow":["GET"]}}],"collection":[{"href":"https:\/\/www.ntvsys.de\/wp\/wp-json\/wp\/v2\/product"}],"about":[{"href":"https:\/\/www.ntvsys.de\/wp\/wp-json\/wp\/v2\/types\/product"}],"replies":[{"embeddable":true,"href":"https:\/\/www.ntvsys.de\/wp\/wp-json\/wp\/v2\/comments?post=11508"}],"wp:featuredmedia":[{"embeddable":true,"href":"https:\/\/www.ntvsys.de\/wp\/wp-json\/wp\/v2\/media\/14146"}],"wp:attachment":[{"href":"https:\/\/www.ntvsys.de\/wp\/wp-json\/wp\/v2\/media?parent=11508"}],"wp:term":[{"taxonomy":"product_brand","embeddable":true,"href":"https:\/\/www.ntvsys.de\/wp\/wp-json\/wp\/v2\/product_brand?post=11508"},{"taxonomy":"product_cat","embeddable":true,"href":"https:\/\/www.ntvsys.de\/wp\/wp-json\/wp\/v2\/product_cat?post=11508"},{"taxonomy":"product_tag","embeddable":true,"href":"https:\/\/www.ntvsys.de\/wp\/wp-json\/wp\/v2\/product_tag?post=11508"}],"curies":[{"name":"wp","href":"https:\/\/api.w.org\/{rel}","templated":true}]}}