{"id":11601,"date":"2024-11-27T15:54:47","date_gmt":"2024-11-27T13:54:47","guid":{"rendered":"https:\/\/www.ntvsys.de\/wp\/produkt\/16gb-ddr4-2666mhz-ecc-module-4\/"},"modified":"2024-12-10T19:42:30","modified_gmt":"2024-12-10T17:42:30","slug":"16gb-ddr4-2666mhz-ecc-module-4","status":"publish","type":"product","link":"https:\/\/www.ntvsys.de\/wp\/produkt\/16gb-ddr4-2666mhz-ecc-module-4\/","title":{"rendered":"Kingston Technology KTL-TN426E\/16G Speichermodul 16 GB 1 x 16 GB DDR4 2666 MHz ECC"},"content":{"rendered":"<p>Kingston Technology KTL-TN426E\/16G. Komponente f\u00fcr: Laptop, Speicherkapazit\u00e4t: 16 GB, Speicherlayout (Module x Gr\u00f6\u00dfe): 1 x 16 GB, Interner Speichertyp: DDR4, Speichertaktfrequenz: 2666 MHz, Memory Formfaktor: 260-pin SO-DIMM, CAS Latenz: 19, ECC<\/p>\n","protected":false},"excerpt":{"rendered":"<p>Kingston Technology KTL-TN426E\/16G, 16 GB, 1 x 16 GB, DDR4, 2666 MHz, 260-pin SO-DIMM<\/p>\n","protected":false},"featured_media":14250,"comment_status":"open","ping_status":"closed","template":"","meta":[],"product_brand":[],"product_cat":[1166],"product_tag":[],"class_list":{"0":"post-11601","1":"product","2":"type-product","3":"status-publish","4":"has-post-thumbnail","6":"product_cat-speicher","8":"first","9":"instock","10":"taxable","11":"shipping-taxable","12":"purchasable","13":"product-type-simple"},"_links":{"self":[{"href":"https:\/\/www.ntvsys.de\/wp\/wp-json\/wp\/v2\/product\/11601","targetHints":{"allow":["GET"]}}],"collection":[{"href":"https:\/\/www.ntvsys.de\/wp\/wp-json\/wp\/v2\/product"}],"about":[{"href":"https:\/\/www.ntvsys.de\/wp\/wp-json\/wp\/v2\/types\/product"}],"replies":[{"embeddable":true,"href":"https:\/\/www.ntvsys.de\/wp\/wp-json\/wp\/v2\/comments?post=11601"}],"wp:featuredmedia":[{"embeddable":true,"href":"https:\/\/www.ntvsys.de\/wp\/wp-json\/wp\/v2\/media\/14250"}],"wp:attachment":[{"href":"https:\/\/www.ntvsys.de\/wp\/wp-json\/wp\/v2\/media?parent=11601"}],"wp:term":[{"taxonomy":"product_brand","embeddable":true,"href":"https:\/\/www.ntvsys.de\/wp\/wp-json\/wp\/v2\/product_brand?post=11601"},{"taxonomy":"product_cat","embeddable":true,"href":"https:\/\/www.ntvsys.de\/wp\/wp-json\/wp\/v2\/product_cat?post=11601"},{"taxonomy":"product_tag","embeddable":true,"href":"https:\/\/www.ntvsys.de\/wp\/wp-json\/wp\/v2\/product_tag?post=11601"}],"curies":[{"name":"wp","href":"https:\/\/api.w.org\/{rel}","templated":true}]}}