{"id":11734,"date":"2024-11-27T15:55:28","date_gmt":"2024-11-27T13:55:28","guid":{"rendered":"https:\/\/www.ntvsys.de\/wp\/produkt\/thinksystem-sr550-sr590-sr650-intel-xeon-gold-5222\/"},"modified":"2024-12-10T19:38:40","modified_gmt":"2024-12-10T17:38:40","slug":"thinksystem-sr550-sr590-sr650-intel-xeon-gold-5222","status":"publish","type":"product","link":"https:\/\/www.ntvsys.de\/wp\/produkt\/thinksystem-sr550-sr590-sr650-intel-xeon-gold-5222\/","title":{"rendered":"Lenovo Intel Xeon Gold 5222 Prozessor 3,8 GHz 17 MB L3"},"content":{"rendered":"<p>Lenovo Intel Xeon Gold 5222. Prozessorfamilie: Intel\u00ae Xeon\u00ae Gold, Prozessorsockel: LGA 3647 (Socket P), Prozessor Lithografie: 14 nm. Speicherkan\u00e4le: Hexa-Kanal, Maximaler interner Speicher, vom Prozessor unterst\u00fctzt: 1 TB, Speichertypen, vom Prozessor unterst\u00fctzt: DDR4-SDRAM. Marktsegment: Server, Unterst\u00fctzte Befehlss\u00e4tze: AVX-512, Skalierbarkeit: 4S. Kompatibilit\u00e4t: ThinkSystem SR550\/SR590\/SR650<\/p>\n","protected":false},"excerpt":{"rendered":"<p>Lenovo Intel Xeon Gold 5222, Intel\u00ae Xeon\u00ae Gold, LGA 3647 (Socket P), 14 nm, 3,8 GHz, 64-Bit, Skalierbare Intel\u00ae Xeon\u00ae der 2. Generation<\/p>\n","protected":false},"featured_media":14395,"comment_status":"open","ping_status":"closed","template":"","meta":[],"product_brand":[],"product_cat":[1124],"product_tag":[],"class_list":{"0":"post-11734","1":"product","2":"type-product","3":"status-publish","4":"has-post-thumbnail","6":"product_cat-prozessoren","8":"first","9":"instock","10":"taxable","11":"shipping-taxable","12":"purchasable","13":"product-type-simple"},"_links":{"self":[{"href":"https:\/\/www.ntvsys.de\/wp\/wp-json\/wp\/v2\/product\/11734","targetHints":{"allow":["GET"]}}],"collection":[{"href":"https:\/\/www.ntvsys.de\/wp\/wp-json\/wp\/v2\/product"}],"about":[{"href":"https:\/\/www.ntvsys.de\/wp\/wp-json\/wp\/v2\/types\/product"}],"replies":[{"embeddable":true,"href":"https:\/\/www.ntvsys.de\/wp\/wp-json\/wp\/v2\/comments?post=11734"}],"wp:featuredmedia":[{"embeddable":true,"href":"https:\/\/www.ntvsys.de\/wp\/wp-json\/wp\/v2\/media\/14395"}],"wp:attachment":[{"href":"https:\/\/www.ntvsys.de\/wp\/wp-json\/wp\/v2\/media?parent=11734"}],"wp:term":[{"taxonomy":"product_brand","embeddable":true,"href":"https:\/\/www.ntvsys.de\/wp\/wp-json\/wp\/v2\/product_brand?post=11734"},{"taxonomy":"product_cat","embeddable":true,"href":"https:\/\/www.ntvsys.de\/wp\/wp-json\/wp\/v2\/product_cat?post=11734"},{"taxonomy":"product_tag","embeddable":true,"href":"https:\/\/www.ntvsys.de\/wp\/wp-json\/wp\/v2\/product_tag?post=11734"}],"curies":[{"name":"wp","href":"https:\/\/api.w.org\/{rel}","templated":true}]}}