{"id":11839,"date":"2024-11-27T15:56:01","date_gmt":"2024-11-27T13:56:01","guid":{"rendered":"https:\/\/www.ntvsys.de\/wp\/produkt\/lenovo-legion-h500-pro-7-1-headset-ohrumschliessend-kabelgebunden-iron-gray\/"},"modified":"2024-12-10T19:54:55","modified_gmt":"2024-12-10T17:54:55","slug":"lenovo-legion-h500-pro-7-1-headset-ohrumschliessend-kabelgebunden-iron-gray","status":"publish","type":"product","link":"https:\/\/www.ntvsys.de\/wp\/produkt\/lenovo-legion-h500-pro-7-1-headset-ohrumschliessend-kabelgebunden-iron-gray\/","title":{"rendered":"Lenovo Legion H500 Pro Kopfh\u00f6rer Kabelgebunden Kopfband Gaming Grau"},"content":{"rendered":"<p>Lenovo Legion H500 Pro. Produkttyp: Kopfh\u00f6rer. \u00dcbertragungstechnik: Kabelgebunden. Empfohlene Nutzung: Gaming. Kopfh\u00f6rerfrequenz: 20 &#8211; 20000 Hz. Gewicht: 350 g. Produktfarbe: Grau<\/p>\n","protected":false},"excerpt":{"rendered":"<p>Lenovo Legion H500 Pro, Kabelgebunden, Gaming, 20 &#8211; 20000 Hz, 350 g, Kopfh\u00f6rer, Grau<\/p>\n","protected":false},"featured_media":14519,"comment_status":"open","ping_status":"closed","template":"","meta":[],"product_brand":[],"product_cat":[6963],"product_tag":[],"class_list":{"0":"post-11839","1":"product","2":"type-product","3":"status-publish","4":"has-post-thumbnail","6":"product_cat-kopfhoerer","8":"first","9":"instock","10":"taxable","11":"shipping-taxable","12":"purchasable","13":"product-type-simple"},"_links":{"self":[{"href":"https:\/\/www.ntvsys.de\/wp\/wp-json\/wp\/v2\/product\/11839","targetHints":{"allow":["GET"]}}],"collection":[{"href":"https:\/\/www.ntvsys.de\/wp\/wp-json\/wp\/v2\/product"}],"about":[{"href":"https:\/\/www.ntvsys.de\/wp\/wp-json\/wp\/v2\/types\/product"}],"replies":[{"embeddable":true,"href":"https:\/\/www.ntvsys.de\/wp\/wp-json\/wp\/v2\/comments?post=11839"}],"wp:featuredmedia":[{"embeddable":true,"href":"https:\/\/www.ntvsys.de\/wp\/wp-json\/wp\/v2\/media\/14519"}],"wp:attachment":[{"href":"https:\/\/www.ntvsys.de\/wp\/wp-json\/wp\/v2\/media?parent=11839"}],"wp:term":[{"taxonomy":"product_brand","embeddable":true,"href":"https:\/\/www.ntvsys.de\/wp\/wp-json\/wp\/v2\/product_brand?post=11839"},{"taxonomy":"product_cat","embeddable":true,"href":"https:\/\/www.ntvsys.de\/wp\/wp-json\/wp\/v2\/product_cat?post=11839"},{"taxonomy":"product_tag","embeddable":true,"href":"https:\/\/www.ntvsys.de\/wp\/wp-json\/wp\/v2\/product_tag?post=11839"}],"curies":[{"name":"wp","href":"https:\/\/api.w.org\/{rel}","templated":true}]}}