{"id":12028,"date":"2024-11-27T15:57:04","date_gmt":"2024-11-27T13:57:04","guid":{"rendered":"https:\/\/www.ntvsys.de\/wp\/produkt\/thinksystem-st550-intel-xeon-silver-4210-10c-85w-2-2ghz-processor-option-kit\/"},"modified":"2024-12-10T19:41:14","modified_gmt":"2024-12-10T17:41:14","slug":"thinksystem-st550-intel-xeon-silver-4210-10c-85w-2-2ghz-processor-option-kit","status":"publish","type":"product","link":"https:\/\/www.ntvsys.de\/wp\/produkt\/thinksystem-st550-intel-xeon-silver-4210-10c-85w-2-2ghz-processor-option-kit\/","title":{"rendered":"Lenovo 4XG7A14811 Prozessor 2,2 GHz 14 MB Smart Cache"},"content":{"rendered":"<p>Lenovo 4XG7A14811. Prozessorfamilie: Intel\u00ae Xeon Silver, Prozessorsockel: LGA 3647 (Socket P), Prozessor Lithografie: 14 nm. Speicherkan\u00e4le: Hexa-Kanal, Maximaler interner Speicher, vom Prozessor unterst\u00fctzt: 1 TB, Speichertypen, vom Prozessor unterst\u00fctzt: DDR4-SDRAM. Marktsegment: Server, Unterst\u00fctzte Befehlss\u00e4tze: AVX-512, Skalierbarkeit: 2S. Prozessor-Paketgr\u00f6\u00dfe: 76 x 56.5 mm. Kompatibilit\u00e4t: ThinkSystem ST550<\/p>\n","protected":false},"excerpt":{"rendered":"<p>Lenovo 4XG7A14811, Intel\u00ae Xeon Silver, LGA 3647 (Socket P), 14 nm, Intel, 2,2 GHz, 64-Bit<\/p>\n","protected":false},"featured_media":14750,"comment_status":"open","ping_status":"closed","template":"","meta":[],"product_brand":[],"product_cat":[1124],"product_tag":[],"class_list":{"0":"post-12028","1":"product","2":"type-product","3":"status-publish","4":"has-post-thumbnail","6":"product_cat-prozessoren","8":"first","9":"instock","10":"taxable","11":"shipping-taxable","12":"purchasable","13":"product-type-simple"},"_links":{"self":[{"href":"https:\/\/www.ntvsys.de\/wp\/wp-json\/wp\/v2\/product\/12028","targetHints":{"allow":["GET"]}}],"collection":[{"href":"https:\/\/www.ntvsys.de\/wp\/wp-json\/wp\/v2\/product"}],"about":[{"href":"https:\/\/www.ntvsys.de\/wp\/wp-json\/wp\/v2\/types\/product"}],"replies":[{"embeddable":true,"href":"https:\/\/www.ntvsys.de\/wp\/wp-json\/wp\/v2\/comments?post=12028"}],"wp:featuredmedia":[{"embeddable":true,"href":"https:\/\/www.ntvsys.de\/wp\/wp-json\/wp\/v2\/media\/14750"}],"wp:attachment":[{"href":"https:\/\/www.ntvsys.de\/wp\/wp-json\/wp\/v2\/media?parent=12028"}],"wp:term":[{"taxonomy":"product_brand","embeddable":true,"href":"https:\/\/www.ntvsys.de\/wp\/wp-json\/wp\/v2\/product_brand?post=12028"},{"taxonomy":"product_cat","embeddable":true,"href":"https:\/\/www.ntvsys.de\/wp\/wp-json\/wp\/v2\/product_cat?post=12028"},{"taxonomy":"product_tag","embeddable":true,"href":"https:\/\/www.ntvsys.de\/wp\/wp-json\/wp\/v2\/product_tag?post=12028"}],"curies":[{"name":"wp","href":"https:\/\/api.w.org\/{rel}","templated":true}]}}