{"id":12088,"date":"2024-11-27T15:57:23","date_gmt":"2024-11-27T13:57:23","guid":{"rendered":"https:\/\/www.ntvsys.de\/wp\/produkt\/thinksystem-3-5-8tb-7-2k-sata-6gb-hot-swap-512e-hdd\/"},"modified":"2024-12-10T19:38:11","modified_gmt":"2024-12-10T17:38:11","slug":"thinksystem-3-5-8tb-7-2k-sata-6gb-hot-swap-512e-hdd","status":"publish","type":"product","link":"https:\/\/www.ntvsys.de\/wp\/produkt\/thinksystem-3-5-8tb-7-2k-sata-6gb-hot-swap-512e-hdd\/","title":{"rendered":"Lenovo 7XB7A00053 Interne Festplatte 8 TB 7200 RPM 3.5&#8243; Serial ATA III"},"content":{"rendered":"<p>Lenovo 7XB7A00053. HDD Kapazit\u00e4t: 8 TB, HDD Geschwindigkeit: 7200 RPM, HDD Gr\u00f6\u00dfe: 3.5&#8243;, Schnittstelle: Serial ATA III<\/p>\n","protected":false},"excerpt":{"rendered":"<p>Lenovo 7XB7A00053, 8 TB, 7200 RPM, 3.5&#8243;, Serial ATA III<\/p>\n","protected":false},"featured_media":14810,"comment_status":"open","ping_status":"closed","template":"","meta":[],"product_brand":[],"product_cat":[1115],"product_tag":[],"class_list":{"0":"post-12088","1":"product","2":"type-product","3":"status-publish","4":"has-post-thumbnail","6":"product_cat-interne-festplatten","8":"first","9":"instock","10":"taxable","11":"shipping-taxable","12":"purchasable","13":"product-type-simple"},"_links":{"self":[{"href":"https:\/\/www.ntvsys.de\/wp\/wp-json\/wp\/v2\/product\/12088","targetHints":{"allow":["GET"]}}],"collection":[{"href":"https:\/\/www.ntvsys.de\/wp\/wp-json\/wp\/v2\/product"}],"about":[{"href":"https:\/\/www.ntvsys.de\/wp\/wp-json\/wp\/v2\/types\/product"}],"replies":[{"embeddable":true,"href":"https:\/\/www.ntvsys.de\/wp\/wp-json\/wp\/v2\/comments?post=12088"}],"wp:featuredmedia":[{"embeddable":true,"href":"https:\/\/www.ntvsys.de\/wp\/wp-json\/wp\/v2\/media\/14810"}],"wp:attachment":[{"href":"https:\/\/www.ntvsys.de\/wp\/wp-json\/wp\/v2\/media?parent=12088"}],"wp:term":[{"taxonomy":"product_brand","embeddable":true,"href":"https:\/\/www.ntvsys.de\/wp\/wp-json\/wp\/v2\/product_brand?post=12088"},{"taxonomy":"product_cat","embeddable":true,"href":"https:\/\/www.ntvsys.de\/wp\/wp-json\/wp\/v2\/product_cat?post=12088"},{"taxonomy":"product_tag","embeddable":true,"href":"https:\/\/www.ntvsys.de\/wp\/wp-json\/wp\/v2\/product_tag?post=12088"}],"curies":[{"name":"wp","href":"https:\/\/api.w.org\/{rel}","templated":true}]}}