{"id":12144,"date":"2024-11-27T15:57:40","date_gmt":"2024-11-27T13:57:40","guid":{"rendered":"https:\/\/www.ntvsys.de\/wp\/produkt\/kingston-ddr4-modul-16-gb-dimm-288-pin-2666-mhz-pc4-21300-cl19-1-2-v-registriert-ecc-fuer-lenovo-thinkstation-p920-rack-thinksystem-sd650-v2-sd650-n-v2-sr850-sr850-v2-sr860\/"},"modified":"2024-12-10T19:50:58","modified_gmt":"2024-12-10T17:50:58","slug":"kingston-ddr4-modul-16-gb-dimm-288-pin-2666-mhz-pc4-21300-cl19-1-2-v-registriert-ecc-fuer-lenovo-thinkstation-p920-rack-thinksystem-sd650-v2-sd650-n-v2-sr850-sr850-v2-sr860","status":"publish","type":"product","link":"https:\/\/www.ntvsys.de\/wp\/produkt\/kingston-ddr4-modul-16-gb-dimm-288-pin-2666-mhz-pc4-21300-cl19-1-2-v-registriert-ecc-fuer-lenovo-thinkstation-p920-rack-thinksystem-sd650-v2-sd650-n-v2-sr850-sr850-v2-sr860\/","title":{"rendered":"Kingston Technology KTL-TS426S8\/16G Speichermodul 16 GB 1 x 16 GB DDR4 2666 MHz ECC"},"content":{"rendered":"<p>Kingston Technology KTL-TS426S8\/16G. Komponente f\u00fcr: PC \/ Server, Speicherkapazit\u00e4t: 16 GB, Speicherlayout (Module x Gr\u00f6\u00dfe): 1 x 16 GB, Interner Speichertyp: DDR4, Speichertaktfrequenz: 2666 MHz, Memory Formfaktor: 288-pin DIMM, CAS Latenz: 19, ECC<\/p>\n","protected":false},"excerpt":{"rendered":"<p>Kingston Technology KTL-TS426S8\/16G, 16 GB, 1 x 16 GB, DDR4, 2666 MHz, 288-pin DIMM<\/p>\n","protected":false},"featured_media":14862,"comment_status":"open","ping_status":"closed","template":"","meta":[],"product_brand":[],"product_cat":[1166],"product_tag":[],"class_list":{"0":"post-12144","1":"product","2":"type-product","3":"status-publish","4":"has-post-thumbnail","6":"product_cat-speicher","8":"first","9":"instock","10":"taxable","11":"shipping-taxable","12":"purchasable","13":"product-type-simple"},"_links":{"self":[{"href":"https:\/\/www.ntvsys.de\/wp\/wp-json\/wp\/v2\/product\/12144","targetHints":{"allow":["GET"]}}],"collection":[{"href":"https:\/\/www.ntvsys.de\/wp\/wp-json\/wp\/v2\/product"}],"about":[{"href":"https:\/\/www.ntvsys.de\/wp\/wp-json\/wp\/v2\/types\/product"}],"replies":[{"embeddable":true,"href":"https:\/\/www.ntvsys.de\/wp\/wp-json\/wp\/v2\/comments?post=12144"}],"wp:featuredmedia":[{"embeddable":true,"href":"https:\/\/www.ntvsys.de\/wp\/wp-json\/wp\/v2\/media\/14862"}],"wp:attachment":[{"href":"https:\/\/www.ntvsys.de\/wp\/wp-json\/wp\/v2\/media?parent=12144"}],"wp:term":[{"taxonomy":"product_brand","embeddable":true,"href":"https:\/\/www.ntvsys.de\/wp\/wp-json\/wp\/v2\/product_brand?post=12144"},{"taxonomy":"product_cat","embeddable":true,"href":"https:\/\/www.ntvsys.de\/wp\/wp-json\/wp\/v2\/product_cat?post=12144"},{"taxonomy":"product_tag","embeddable":true,"href":"https:\/\/www.ntvsys.de\/wp\/wp-json\/wp\/v2\/product_tag?post=12144"}],"curies":[{"name":"wp","href":"https:\/\/api.w.org\/{rel}","templated":true}]}}