{"id":12238,"date":"2024-11-27T15:58:10","date_gmt":"2024-11-27T13:58:10","guid":{"rendered":"https:\/\/www.ntvsys.de\/wp\/produkt\/lenovo-essential-wired-combo-keyboard-and-mouse-portugese-163\/"},"modified":"2024-12-10T19:46:16","modified_gmt":"2024-12-10T17:46:16","slug":"lenovo-essential-wired-combo-keyboard-and-mouse-portugese-163","status":"publish","type":"product","link":"https:\/\/www.ntvsys.de\/wp\/produkt\/lenovo-essential-wired-combo-keyboard-and-mouse-portugese-163\/","title":{"rendered":"Lenovo 4X30L79909 Tastatur Maus enthalten Universal USB QWERTZ Polnisch Schwarz"},"content":{"rendered":"<p>Lenovo 4X30L79909. Tastatur Formfaktor: Volle Gr\u00f6\u00dfe (100%). Tastatur-Stil: Gerade. \u00dcbertragungstechnik: Kabelgebunden, Ger\u00e4teschnittstelle: USB, Tastaturaufbau: QWERTZ, Empfohlene Nutzung: Universal. Produktfarbe: Schwarz. Maus enthalten<\/p>\n","protected":false},"excerpt":{"rendered":"<p>Lenovo 4X30L79909, Volle Gr\u00f6\u00dfe (100%), Kabelgebunden, USB, QWERTZ, Schwarz, Maus enthalten<\/p>\n","protected":false},"featured_media":14993,"comment_status":"open","ping_status":"closed","template":"","meta":[],"product_brand":[],"product_cat":[1131],"product_tag":[],"class_list":{"0":"post-12238","1":"product","2":"type-product","3":"status-publish","4":"has-post-thumbnail","6":"product_cat-tastaturen","8":"first","9":"instock","10":"taxable","11":"shipping-taxable","12":"purchasable","13":"product-type-simple"},"_links":{"self":[{"href":"https:\/\/www.ntvsys.de\/wp\/wp-json\/wp\/v2\/product\/12238","targetHints":{"allow":["GET"]}}],"collection":[{"href":"https:\/\/www.ntvsys.de\/wp\/wp-json\/wp\/v2\/product"}],"about":[{"href":"https:\/\/www.ntvsys.de\/wp\/wp-json\/wp\/v2\/types\/product"}],"replies":[{"embeddable":true,"href":"https:\/\/www.ntvsys.de\/wp\/wp-json\/wp\/v2\/comments?post=12238"}],"wp:featuredmedia":[{"embeddable":true,"href":"https:\/\/www.ntvsys.de\/wp\/wp-json\/wp\/v2\/media\/14993"}],"wp:attachment":[{"href":"https:\/\/www.ntvsys.de\/wp\/wp-json\/wp\/v2\/media?parent=12238"}],"wp:term":[{"taxonomy":"product_brand","embeddable":true,"href":"https:\/\/www.ntvsys.de\/wp\/wp-json\/wp\/v2\/product_brand?post=12238"},{"taxonomy":"product_cat","embeddable":true,"href":"https:\/\/www.ntvsys.de\/wp\/wp-json\/wp\/v2\/product_cat?post=12238"},{"taxonomy":"product_tag","embeddable":true,"href":"https:\/\/www.ntvsys.de\/wp\/wp-json\/wp\/v2\/product_tag?post=12238"}],"curies":[{"name":"wp","href":"https:\/\/api.w.org\/{rel}","templated":true}]}}