{"id":12259,"date":"2024-11-27T15:58:17","date_gmt":"2024-11-27T13:58:17","guid":{"rendered":"https:\/\/www.ntvsys.de\/wp\/produkt\/intel-xeon-gold-5218-2-3-ghz-16-kerne-32-threads-22-mb-cache-speicher-fuer-poweredge-c4140-c6420\/"},"modified":"2024-12-10T19:41:20","modified_gmt":"2024-12-10T17:41:20","slug":"intel-xeon-gold-5218-2-3-ghz-16-kerne-32-threads-22-mb-cache-speicher-fuer-poweredge-c4140-c6420","status":"publish","type":"product","link":"https:\/\/www.ntvsys.de\/wp\/produkt\/intel-xeon-gold-5218-2-3-ghz-16-kerne-32-threads-22-mb-cache-speicher-fuer-poweredge-c4140-c6420\/","title":{"rendered":"DELL Xeon 5218 Prozessor 2,3 GHz 22 MB"},"content":{"rendered":"<p>DELL Xeon 5218. Prozessorfamilie: Intel\u00ae Xeon\u00ae Gold, Prozessorsockel: LGA 3647 (Socket P), Prozessor Lithografie: 14 nm. Speicherkan\u00e4le: Hexa-Kanal, Maximaler interner Speicher, vom Prozessor unterst\u00fctzt: 1,02 TB, Speichertypen, vom Prozessor unterst\u00fctzt: DDR4-SDRAM. Marktsegment: Server, Unterst\u00fctzte Befehlss\u00e4tze: AVX-512, Skalierbarkeit: 4S. Prozessor-Paketgr\u00f6\u00dfe: 76.0 x 56.5 mm. Kompatibilit\u00e4t: &#8211; PowerEdge R640 &#8211; PowerEdge R740 &#8211; PowerEdge R940 &#8211; PowerEdge R740XD &#8211; PowerEdge C6420 -&#8230;<\/p>\n","protected":false},"excerpt":{"rendered":"<p>DELL Xeon 5218, Intel\u00ae Xeon\u00ae Gold, LGA 3647 (Socket P), 14 nm, Intel, 2,3 GHz, 64-Bit<\/p>\n","protected":false},"featured_media":15012,"comment_status":"open","ping_status":"closed","template":"","meta":[],"product_brand":[],"product_cat":[1124],"product_tag":[],"class_list":{"0":"post-12259","1":"product","2":"type-product","3":"status-publish","4":"has-post-thumbnail","6":"product_cat-prozessoren","8":"first","9":"instock","10":"taxable","11":"shipping-taxable","12":"purchasable","13":"product-type-simple"},"_links":{"self":[{"href":"https:\/\/www.ntvsys.de\/wp\/wp-json\/wp\/v2\/product\/12259","targetHints":{"allow":["GET"]}}],"collection":[{"href":"https:\/\/www.ntvsys.de\/wp\/wp-json\/wp\/v2\/product"}],"about":[{"href":"https:\/\/www.ntvsys.de\/wp\/wp-json\/wp\/v2\/types\/product"}],"replies":[{"embeddable":true,"href":"https:\/\/www.ntvsys.de\/wp\/wp-json\/wp\/v2\/comments?post=12259"}],"wp:featuredmedia":[{"embeddable":true,"href":"https:\/\/www.ntvsys.de\/wp\/wp-json\/wp\/v2\/media\/15012"}],"wp:attachment":[{"href":"https:\/\/www.ntvsys.de\/wp\/wp-json\/wp\/v2\/media?parent=12259"}],"wp:term":[{"taxonomy":"product_brand","embeddable":true,"href":"https:\/\/www.ntvsys.de\/wp\/wp-json\/wp\/v2\/product_brand?post=12259"},{"taxonomy":"product_cat","embeddable":true,"href":"https:\/\/www.ntvsys.de\/wp\/wp-json\/wp\/v2\/product_cat?post=12259"},{"taxonomy":"product_tag","embeddable":true,"href":"https:\/\/www.ntvsys.de\/wp\/wp-json\/wp\/v2\/product_tag?post=12259"}],"curies":[{"name":"wp","href":"https:\/\/api.w.org\/{rel}","templated":true}]}}