{"id":12365,"date":"2024-11-27T15:58:49","date_gmt":"2024-11-27T13:58:49","guid":{"rendered":"https:\/\/www.ntvsys.de\/wp\/produkt\/thinksystem-sr550-sr590-sr650-intel-xeon-silver-4210r-10c-100w-2-4ghz-processor-option-kit-w-o-fan\/"},"modified":"2026-02-08T13:08:06","modified_gmt":"2026-02-08T11:08:06","slug":"thinksystem-sr550-sr590-sr650-intel-xeon-silver-4210r-10c-100w-2-4ghz-processor-option-kit-w-o-fan","status":"publish","type":"product","link":"https:\/\/www.ntvsys.de\/wp\/produkt\/thinksystem-sr550-sr590-sr650-intel-xeon-silver-4210r-10c-100w-2-4ghz-processor-option-kit-w-o-fan\/","title":{"rendered":"Lenovo Intel Xeon Silver 4210R Prozessor 2,4 GHz 13,75 MB"},"content":{"rendered":"<p>Lenovo Intel Xeon Silver 4210R. Prozessorfamilie: Intel\u00ae Xeon Silver, Prozessorsockel: LGA 3647 (Socket P), Prozessor Lithografie: 14 nm. Speicherkan\u00e4le: Hexa-Kanal, Maximaler interner Speicher, vom Prozessor unterst\u00fctzt: 1 TB, Speichertypen, vom Prozessor unterst\u00fctzt: DDR4-SDRAM. Marktsegment: Server, Unterst\u00fctzte Befehlss\u00e4tze: AVX, AVX 2.0, AVX-512, SSE4.2, Skalierbarkeit: 2S. Prozessor-Paketgr\u00f6\u00dfe: 76 x 56.5 mm. Kompatibilit\u00e4t: ThinkSystem SR550\/SR590\/SR650<\/p>\n","protected":false},"excerpt":{"rendered":"<p>Lenovo Intel Xeon Silver 4210R, Intel\u00ae Xeon Silver, LGA 3647 (Socket P), 14 nm, 4210R, 2,4 GHz, 64-Bit<\/p>\n","protected":false},"featured_media":15108,"comment_status":"open","ping_status":"closed","template":"","meta":[],"product_brand":[],"product_cat":[1124],"product_tag":[],"class_list":{"0":"post-12365","1":"product","2":"type-product","3":"status-publish","4":"has-post-thumbnail","6":"product_cat-prozessoren","8":"first","9":"outofstock","10":"taxable","11":"shipping-taxable","12":"purchasable","13":"product-type-simple"},"_links":{"self":[{"href":"https:\/\/www.ntvsys.de\/wp\/wp-json\/wp\/v2\/product\/12365","targetHints":{"allow":["GET"]}}],"collection":[{"href":"https:\/\/www.ntvsys.de\/wp\/wp-json\/wp\/v2\/product"}],"about":[{"href":"https:\/\/www.ntvsys.de\/wp\/wp-json\/wp\/v2\/types\/product"}],"replies":[{"embeddable":true,"href":"https:\/\/www.ntvsys.de\/wp\/wp-json\/wp\/v2\/comments?post=12365"}],"wp:featuredmedia":[{"embeddable":true,"href":"https:\/\/www.ntvsys.de\/wp\/wp-json\/wp\/v2\/media\/15108"}],"wp:attachment":[{"href":"https:\/\/www.ntvsys.de\/wp\/wp-json\/wp\/v2\/media?parent=12365"}],"wp:term":[{"taxonomy":"product_brand","embeddable":true,"href":"https:\/\/www.ntvsys.de\/wp\/wp-json\/wp\/v2\/product_brand?post=12365"},{"taxonomy":"product_cat","embeddable":true,"href":"https:\/\/www.ntvsys.de\/wp\/wp-json\/wp\/v2\/product_cat?post=12365"},{"taxonomy":"product_tag","embeddable":true,"href":"https:\/\/www.ntvsys.de\/wp\/wp-json\/wp\/v2\/product_tag?post=12365"}],"curies":[{"name":"wp","href":"https:\/\/api.w.org\/{rel}","templated":true}]}}