{"id":12773,"date":"2024-11-27T16:01:00","date_gmt":"2024-11-27T14:01:00","guid":{"rendered":"https:\/\/www.ntvsys.de\/wp\/produkt\/kingston-ddr4-modul-64-gb-dimm-288-pin-3200-mhz-pc4-25600-cl22-1-2-v-registriert-ecc-fuer-lenovo-thinkstation-p620\/"},"modified":"2026-02-08T13:09:38","modified_gmt":"2026-02-08T11:09:38","slug":"kingston-ddr4-modul-64-gb-dimm-288-pin-3200-mhz-pc4-25600-cl22-1-2-v-registriert-ecc-fuer-lenovo-thinkstation-p620","status":"publish","type":"product","link":"https:\/\/www.ntvsys.de\/wp\/produkt\/kingston-ddr4-modul-64-gb-dimm-288-pin-3200-mhz-pc4-25600-cl22-1-2-v-registriert-ecc-fuer-lenovo-thinkstation-p620\/","title":{"rendered":"Kingston Technology KTL-TS432\/64G Speichermodul 64 GB 1 x 64 GB DDR4 3200 MHz ECC"},"content":{"rendered":"<p>Kingston Technology KTL-TS432\/64G. Komponente f\u00fcr: PC \/ Server, Speicherkapazit\u00e4t: 64 GB, Speicherlayout (Module x Gr\u00f6\u00dfe): 1 x 64 GB, Interner Speichertyp: DDR4, Speichertaktfrequenz: 3200 MHz, Memory Formfaktor: 288-pin DIMM, CAS Latenz: 22, ECC<\/p>\n","protected":false},"excerpt":{"rendered":"<p>Kingston Technology KTL-TS432\/64G, 64 GB, 1 x 64 GB, DDR4, 3200 MHz, 288-pin DIMM<\/p>\n","protected":false},"featured_media":15547,"comment_status":"open","ping_status":"closed","template":"","meta":[],"product_brand":[],"product_cat":[1166],"product_tag":[],"class_list":{"0":"post-12773","1":"product","2":"type-product","3":"status-publish","4":"has-post-thumbnail","6":"product_cat-speicher","8":"first","9":"outofstock","10":"taxable","11":"shipping-taxable","12":"purchasable","13":"product-type-simple"},"_links":{"self":[{"href":"https:\/\/www.ntvsys.de\/wp\/wp-json\/wp\/v2\/product\/12773","targetHints":{"allow":["GET"]}}],"collection":[{"href":"https:\/\/www.ntvsys.de\/wp\/wp-json\/wp\/v2\/product"}],"about":[{"href":"https:\/\/www.ntvsys.de\/wp\/wp-json\/wp\/v2\/types\/product"}],"replies":[{"embeddable":true,"href":"https:\/\/www.ntvsys.de\/wp\/wp-json\/wp\/v2\/comments?post=12773"}],"wp:featuredmedia":[{"embeddable":true,"href":"https:\/\/www.ntvsys.de\/wp\/wp-json\/wp\/v2\/media\/15547"}],"wp:attachment":[{"href":"https:\/\/www.ntvsys.de\/wp\/wp-json\/wp\/v2\/media?parent=12773"}],"wp:term":[{"taxonomy":"product_brand","embeddable":true,"href":"https:\/\/www.ntvsys.de\/wp\/wp-json\/wp\/v2\/product_brand?post=12773"},{"taxonomy":"product_cat","embeddable":true,"href":"https:\/\/www.ntvsys.de\/wp\/wp-json\/wp\/v2\/product_cat?post=12773"},{"taxonomy":"product_tag","embeddable":true,"href":"https:\/\/www.ntvsys.de\/wp\/wp-json\/wp\/v2\/product_tag?post=12773"}],"curies":[{"name":"wp","href":"https:\/\/api.w.org\/{rel}","templated":true}]}}