{"id":12933,"date":"2024-11-27T16:01:50","date_gmt":"2024-11-27T14:01:50","guid":{"rendered":"https:\/\/www.ntvsys.de\/wp\/produkt\/kingston-fury-impact-ddr4-kit-32-gb-2-x-16-gb-so-dimm-260-pin-3200-mhz-pc4-25600-cl20-1-2-v-ungepuffert-non-ecc-schwarz\/"},"modified":"2026-02-08T13:08:38","modified_gmt":"2026-02-08T11:08:38","slug":"kingston-fury-impact-ddr4-kit-32-gb-2-x-16-gb-so-dimm-260-pin-3200-mhz-pc4-25600-cl20-1-2-v-ungepuffert-non-ecc-schwarz","status":"publish","type":"product","link":"https:\/\/www.ntvsys.de\/wp\/produkt\/kingston-fury-impact-ddr4-kit-32-gb-2-x-16-gb-so-dimm-260-pin-3200-mhz-pc4-25600-cl20-1-2-v-ungepuffert-non-ecc-schwarz\/","title":{"rendered":"Kingston Technology FURY 32GB 3200MT\/s DDR4 CL20 SODIMM (Kit of 2) Impact"},"content":{"rendered":"<p>Kingston Technology FURY 32GB 3200MT\/s DDR4 CL20 SODIMM (Kit of 2) Impact. Komponente f\u00fcr: Laptop, Speicherkapazit\u00e4t: 32 GB, Speicherlayout (Module x Gr\u00f6\u00dfe): 2 x 16 GB, Interner Speichertyp: DDR4, Speichertaktfrequenz: 1600 MHz, Memory Formfaktor: 260-pin SO-DIMM, CAS Latenz: 20<\/p>\n","protected":false},"excerpt":{"rendered":"<p>Kingston Technology FURY 32GB 3200MT\/s DDR4 CL20 SODIMM (Kit of 2) Impact, 32 GB, 2 x 16 GB, DDR4, 1600 MHz, 260-pin SO-DIMM<\/p>\n","protected":false},"featured_media":15738,"comment_status":"open","ping_status":"closed","template":"","meta":[],"product_brand":[],"product_cat":[1166],"product_tag":[],"class_list":{"0":"post-12933","1":"product","2":"type-product","3":"status-publish","4":"has-post-thumbnail","6":"product_cat-speicher","8":"first","9":"instock","10":"taxable","11":"shipping-taxable","12":"purchasable","13":"product-type-simple"},"_links":{"self":[{"href":"https:\/\/www.ntvsys.de\/wp\/wp-json\/wp\/v2\/product\/12933","targetHints":{"allow":["GET"]}}],"collection":[{"href":"https:\/\/www.ntvsys.de\/wp\/wp-json\/wp\/v2\/product"}],"about":[{"href":"https:\/\/www.ntvsys.de\/wp\/wp-json\/wp\/v2\/types\/product"}],"replies":[{"embeddable":true,"href":"https:\/\/www.ntvsys.de\/wp\/wp-json\/wp\/v2\/comments?post=12933"}],"wp:featuredmedia":[{"embeddable":true,"href":"https:\/\/www.ntvsys.de\/wp\/wp-json\/wp\/v2\/media\/15738"}],"wp:attachment":[{"href":"https:\/\/www.ntvsys.de\/wp\/wp-json\/wp\/v2\/media?parent=12933"}],"wp:term":[{"taxonomy":"product_brand","embeddable":true,"href":"https:\/\/www.ntvsys.de\/wp\/wp-json\/wp\/v2\/product_brand?post=12933"},{"taxonomy":"product_cat","embeddable":true,"href":"https:\/\/www.ntvsys.de\/wp\/wp-json\/wp\/v2\/product_cat?post=12933"},{"taxonomy":"product_tag","embeddable":true,"href":"https:\/\/www.ntvsys.de\/wp\/wp-json\/wp\/v2\/product_tag?post=12933"}],"curies":[{"name":"wp","href":"https:\/\/api.w.org\/{rel}","templated":true}]}}