{"id":13264,"date":"2024-11-27T16:03:36","date_gmt":"2024-11-27T14:03:36","guid":{"rendered":"https:\/\/www.ntvsys.de\/wp\/produkt\/lenovo-tower-in-rack-umruest-kit-4u-fuer-thinksystem-st650-v2-7z74-7z75\/"},"modified":"2026-02-08T13:07:50","modified_gmt":"2026-02-08T11:07:50","slug":"lenovo-tower-in-rack-umruest-kit-4u-fuer-thinksystem-st650-v2-7z74-7z75","status":"publish","type":"product","link":"https:\/\/www.ntvsys.de\/wp\/produkt\/lenovo-tower-in-rack-umruest-kit-4u-fuer-thinksystem-st650-v2-7z74-7z75\/","title":{"rendered":"Lenovo 4M27A60835 Computer-Geh\u00e4useteil Full Tower Umr\u00fcstsatz von Turm zu Rack"},"content":{"rendered":"<p>Lenovo 4M27A60835. Kompatibler Geh\u00e4usetyp: Full Tower, Typ: Umr\u00fcstsatz von Turm zu Rack, Produktfarbe: Schwarz. Menge pro Packung: 1 St\u00fcck(e)<\/p>\n","protected":false},"excerpt":{"rendered":"<p>Lenovo 4M27A60835, Full Tower, Umr\u00fcstsatz von Turm zu Rack, Schwarz, ThinkSystem ST650 V2, 1 St\u00fcck(e)<\/p>\n","protected":false},"featured_media":16033,"comment_status":"open","ping_status":"closed","template":"","meta":[],"product_brand":[],"product_cat":[1815],"product_tag":[],"class_list":{"0":"post-13264","1":"product","2":"type-product","3":"status-publish","4":"has-post-thumbnail","6":"product_cat-racks-schraenke","8":"first","9":"outofstock","10":"taxable","11":"shipping-taxable","12":"purchasable","13":"product-type-simple"},"_links":{"self":[{"href":"https:\/\/www.ntvsys.de\/wp\/wp-json\/wp\/v2\/product\/13264","targetHints":{"allow":["GET"]}}],"collection":[{"href":"https:\/\/www.ntvsys.de\/wp\/wp-json\/wp\/v2\/product"}],"about":[{"href":"https:\/\/www.ntvsys.de\/wp\/wp-json\/wp\/v2\/types\/product"}],"replies":[{"embeddable":true,"href":"https:\/\/www.ntvsys.de\/wp\/wp-json\/wp\/v2\/comments?post=13264"}],"wp:featuredmedia":[{"embeddable":true,"href":"https:\/\/www.ntvsys.de\/wp\/wp-json\/wp\/v2\/media\/16033"}],"wp:attachment":[{"href":"https:\/\/www.ntvsys.de\/wp\/wp-json\/wp\/v2\/media?parent=13264"}],"wp:term":[{"taxonomy":"product_brand","embeddable":true,"href":"https:\/\/www.ntvsys.de\/wp\/wp-json\/wp\/v2\/product_brand?post=13264"},{"taxonomy":"product_cat","embeddable":true,"href":"https:\/\/www.ntvsys.de\/wp\/wp-json\/wp\/v2\/product_cat?post=13264"},{"taxonomy":"product_tag","embeddable":true,"href":"https:\/\/www.ntvsys.de\/wp\/wp-json\/wp\/v2\/product_tag?post=13264"}],"curies":[{"name":"wp","href":"https:\/\/api.w.org\/{rel}","templated":true}]}}