{"id":1338,"date":"2014-12-16T14:16:37","date_gmt":"2014-12-16T12:16:37","guid":{"rendered":"https:\/\/www.ntvsys.de\/wp\/?product=axis-p1354-e-0528-001"},"modified":"2018-01-23T10:41:47","modified_gmt":"2018-01-23T08:41:47","slug":"axis-p1354-e-0528-001","status":"publish","type":"product","link":"https:\/\/www.ntvsys.de\/wp\/produkt\/axis-p1354-e-0528-001\/","title":{"rendered":"Axis P1354-E (0528-001)"},"content":{"rendered":"<ul>\n<li>Hervorragende Bildqualit\u00e4t mit 1 MP\/ HDTV 720p<\/li>\n<li>Lightfinder-Technologie<\/li>\n<li>Mehrere H.264-Videostr\u00f6me<\/li>\n<li>Digitale PTZ-Funktionen<\/li>\n<li>Edge-Speicher<\/li>\n<li>Geeignet f\u00fcr den Au\u00dfenbereich, Schutz nach IP66<\/li>\n<li><a href=\"https:\/\/www.ntvsys.de\/wp\/wp-content\/uploads\/2014\/12\/um_p1354-e_51349_en_1303.pdf\" target=\"_blank\">PDF<\/a><\/li>\n<\/ul>\n<p>Robuste unbewegliche Tag- und Nachtkamera<\/p>\n<p>&nbsp;<\/p>\n<p>Das sofort einsatzf\u00e4hige und f\u00fcr Au\u00dfenbereiche geeignete Netzwerk-Kameramodell AXIS P1354-E ist eine unbewegliche Netzwerk-Kamera, die durch hervorragende H.264-Performance und ein robustes Design \u00fcberzeugt.<\/p>\n<p>Sie bietet HDTV-Videoqualit\u00e4t mit progressiver Abtastung in mehreren einzelnen H.264-Videostr\u00f6men und Motion JPEG-Videostr\u00f6men. Die Installation wird durch den Fokus-Assistenten, die Ferneinstellung des Auflagema\u00dfes und den Pixelz\u00e4hler vereinfacht.<\/p>\n<p>Verringerung der Installationsdauer und -kosten<\/p>\n<p>Die IP66-konforme Kamera ist sofort einsatzbereit, d. h. sie kann direkt nach Lieferung im Au\u00dfenbereich montiert werden. Sie verf\u00fcgt \u00fcber einen Schutz vor Staub, Regen, Schnee und Sonneneinstrahlung und ist f\u00fcr den Einsatz bei Temperaturen bis zu -40 \u00b0C geeignet.<\/p>\n<p>Sie ist die perfekte Sicherheitsl\u00f6sung f\u00fcr die \u00dcberwachung von Regierungs- und Industriegel\u00e4nden, Flugh\u00e4fen, Bahnh\u00f6fen und Parkpl\u00e4tzen sowie Schul- und Universit\u00e4tsgel\u00e4nden.<\/p>\n<p>Lightfinder-Technologie<\/p>\n<p>Die AXIS P1354-E arbeitet mit der Axis-Lightfinder-Technologie Die au\u00dferordentliche Lichtempfindlichkeit sorgt daf\u00fcr, dass Farben auch bei extrem schlechten Lichtverh\u00e4ltnissen wiedergegeben werden. M\u00f6glich macht dies die Kombination aus der langj\u00e4hrigen Erfahrung von Axis im Bereich der Bildbearbeitung, der Entwicklung von System-on-a-Chip und der Auswahl nur der besten optischen Komponenten.<\/p>\n","protected":false},"excerpt":{"rendered":"<p>Bildsensor: 1\/3&#8243; CMOS \u2022 Aufl\u00f6sung: 1280&#215;960 \u2022 Objektiv: 2.8-8mm (F1.2) \u2022 Lichtempfindlichkeit: 0.1 Lux (Farbe), 0.02 Lux (S\/W) \u2022 Sichtwinkel: 34\u00b0 bis 80\u00b0 (horizontal) \u2022 Komprimierung: MJPEG, H.264 \u2022 Schnittstellen: 1x LAN (PoE), 1x SD-Card Slot (bis 64GB), 1x Alarmeingang 1x Alarmausgang, 1x Audio-In, 1x Audio-Out \u2022 Schutzklasse: IP66, NEMA 4X \u2022 Besonderheiten: Bewegungserkennung, Ger\u00e4uscherkennung, IR-Filter, Multistreaming, Outdoor<\/p>\n","protected":false},"featured_media":1341,"comment_status":"closed","ping_status":"closed","template":"","meta":[],"product_brand":[],"product_cat":[29,23],"product_tag":[],"class_list":{"0":"post-1338","1":"product","2":"type-product","3":"status-publish","4":"has-post-thumbnail","6":"product_cat-feste-kameras","7":"product_cat-videoueberwachung","9":"first","10":"instock","11":"taxable","12":"shipping-taxable","13":"purchasable","14":"product-type-simple"},"_links":{"self":[{"href":"https:\/\/www.ntvsys.de\/wp\/wp-json\/wp\/v2\/product\/1338","targetHints":{"allow":["GET"]}}],"collection":[{"href":"https:\/\/www.ntvsys.de\/wp\/wp-json\/wp\/v2\/product"}],"about":[{"href":"https:\/\/www.ntvsys.de\/wp\/wp-json\/wp\/v2\/types\/product"}],"replies":[{"embeddable":true,"href":"https:\/\/www.ntvsys.de\/wp\/wp-json\/wp\/v2\/comments?post=1338"}],"wp:featuredmedia":[{"embeddable":true,"href":"https:\/\/www.ntvsys.de\/wp\/wp-json\/wp\/v2\/media\/1341"}],"wp:attachment":[{"href":"https:\/\/www.ntvsys.de\/wp\/wp-json\/wp\/v2\/media?parent=1338"}],"wp:term":[{"taxonomy":"product_brand","embeddable":true,"href":"https:\/\/www.ntvsys.de\/wp\/wp-json\/wp\/v2\/product_brand?post=1338"},{"taxonomy":"product_cat","embeddable":true,"href":"https:\/\/www.ntvsys.de\/wp\/wp-json\/wp\/v2\/product_cat?post=1338"},{"taxonomy":"product_tag","embeddable":true,"href":"https:\/\/www.ntvsys.de\/wp\/wp-json\/wp\/v2\/product_tag?post=1338"}],"curies":[{"name":"wp","href":"https:\/\/api.w.org\/{rel}","templated":true}]}}