{"id":13430,"date":"2024-11-27T16:04:29","date_gmt":"2024-11-27T14:04:29","guid":{"rendered":"https:\/\/www.ntvsys.de\/wp\/produkt\/kingston-ddr4-modul-8-gb-dimm-288-pin-3200-mhz-cl22-ungepuffert-non-ecc\/"},"modified":"2026-02-08T13:07:59","modified_gmt":"2026-02-08T11:07:59","slug":"kingston-ddr4-modul-8-gb-dimm-288-pin-3200-mhz-cl22-ungepuffert-non-ecc","status":"publish","type":"product","link":"https:\/\/www.ntvsys.de\/wp\/produkt\/kingston-ddr4-modul-8-gb-dimm-288-pin-3200-mhz-cl22-ungepuffert-non-ecc\/","title":{"rendered":"Kingston Technology KCP432NS8\/8 Speichermodul 8 GB 1 x 8 GB DDR4 3200 MHz"},"content":{"rendered":"<p>Kingston Technology KCP432NS8\/8. Komponente f\u00fcr: PC \/ Server, Speicherkapazit\u00e4t: 8 GB, Speicherlayout (Module x Gr\u00f6\u00dfe): 1 x 8 GB, Interner Speichertyp: DDR4, Speichertaktfrequenz: 3200 MHz, Memory Formfaktor: 288-pin DIMM, CAS Latenz: 22<\/p>\n","protected":false},"excerpt":{"rendered":"<p>Kingston Technology KCP432NS8\/8, 8 GB, 1 x 8 GB, DDR4, 3200 MHz, 288-pin DIMM<\/p>\n","protected":false},"featured_media":16215,"comment_status":"open","ping_status":"closed","template":"","meta":[],"product_brand":[],"product_cat":[1166],"product_tag":[],"class_list":{"0":"post-13430","1":"product","2":"type-product","3":"status-publish","4":"has-post-thumbnail","6":"product_cat-speicher","8":"first","9":"instock","10":"taxable","11":"shipping-taxable","12":"purchasable","13":"product-type-simple"},"_links":{"self":[{"href":"https:\/\/www.ntvsys.de\/wp\/wp-json\/wp\/v2\/product\/13430","targetHints":{"allow":["GET"]}}],"collection":[{"href":"https:\/\/www.ntvsys.de\/wp\/wp-json\/wp\/v2\/product"}],"about":[{"href":"https:\/\/www.ntvsys.de\/wp\/wp-json\/wp\/v2\/types\/product"}],"replies":[{"embeddable":true,"href":"https:\/\/www.ntvsys.de\/wp\/wp-json\/wp\/v2\/comments?post=13430"}],"wp:featuredmedia":[{"embeddable":true,"href":"https:\/\/www.ntvsys.de\/wp\/wp-json\/wp\/v2\/media\/16215"}],"wp:attachment":[{"href":"https:\/\/www.ntvsys.de\/wp\/wp-json\/wp\/v2\/media?parent=13430"}],"wp:term":[{"taxonomy":"product_brand","embeddable":true,"href":"https:\/\/www.ntvsys.de\/wp\/wp-json\/wp\/v2\/product_brand?post=13430"},{"taxonomy":"product_cat","embeddable":true,"href":"https:\/\/www.ntvsys.de\/wp\/wp-json\/wp\/v2\/product_cat?post=13430"},{"taxonomy":"product_tag","embeddable":true,"href":"https:\/\/www.ntvsys.de\/wp\/wp-json\/wp\/v2\/product_tag?post=13430"}],"curies":[{"name":"wp","href":"https:\/\/api.w.org\/{rel}","templated":true}]}}