{"id":13632,"date":"2024-11-27T16:05:35","date_gmt":"2024-11-27T14:05:35","guid":{"rendered":"https:\/\/www.ntvsys.de\/wp\/produkt\/kingston-fury-beast-ddr5-kit-16-gb-2-x-8-gb-dimm-288-pin-5200-mhz-pc5-41600-cl40-1-25-v-ungepuffert-on-die-ecc\/"},"modified":"2026-02-08T13:10:47","modified_gmt":"2026-02-08T11:10:47","slug":"kingston-fury-beast-ddr5-kit-16-gb-2-x-8-gb-dimm-288-pin-5200-mhz-pc5-41600-cl40-1-25-v-ungepuffert-on-die-ecc","status":"publish","type":"product","link":"https:\/\/www.ntvsys.de\/wp\/produkt\/kingston-fury-beast-ddr5-kit-16-gb-2-x-8-gb-dimm-288-pin-5200-mhz-pc5-41600-cl40-1-25-v-ungepuffert-on-die-ecc\/","title":{"rendered":"Kingston Technology FURY Beast 16GB 5200MT\/s DDR5 CL40 DIMM (2er-Kit) Black"},"content":{"rendered":"<p>Kingston Technology FURY Beast 16GB 5200MT\/s DDR5 CL40 DIMM (2er-Kit) Black. Komponente f\u00fcr: PC, Speicherkapazit\u00e4t: 16 GB, Speicherlayout (Module x Gr\u00f6\u00dfe): 2 x 8 GB, Interner Speichertyp: DDR5, Speichertaktfrequenz: 2600 MHz, Memory Formfaktor: 288-pin DIMM, CAS Latenz: 40<\/p>\n","protected":false},"excerpt":{"rendered":"<p>Kingston Technology FURY Beast 16GB 5200MT\/s DDR5 CL40 DIMM (2er-Kit) Black, 16 GB, 2 x 8 GB, DDR5, 2600 MHz, 288-pin DIMM<\/p>\n","protected":false},"featured_media":16435,"comment_status":"open","ping_status":"closed","template":"","meta":[],"product_brand":[],"product_cat":[1166],"product_tag":[],"class_list":{"0":"post-13632","1":"product","2":"type-product","3":"status-publish","4":"has-post-thumbnail","6":"product_cat-speicher","8":"first","9":"outofstock","10":"taxable","11":"shipping-taxable","12":"purchasable","13":"product-type-simple"},"_links":{"self":[{"href":"https:\/\/www.ntvsys.de\/wp\/wp-json\/wp\/v2\/product\/13632","targetHints":{"allow":["GET"]}}],"collection":[{"href":"https:\/\/www.ntvsys.de\/wp\/wp-json\/wp\/v2\/product"}],"about":[{"href":"https:\/\/www.ntvsys.de\/wp\/wp-json\/wp\/v2\/types\/product"}],"replies":[{"embeddable":true,"href":"https:\/\/www.ntvsys.de\/wp\/wp-json\/wp\/v2\/comments?post=13632"}],"wp:featuredmedia":[{"embeddable":true,"href":"https:\/\/www.ntvsys.de\/wp\/wp-json\/wp\/v2\/media\/16435"}],"wp:attachment":[{"href":"https:\/\/www.ntvsys.de\/wp\/wp-json\/wp\/v2\/media?parent=13632"}],"wp:term":[{"taxonomy":"product_brand","embeddable":true,"href":"https:\/\/www.ntvsys.de\/wp\/wp-json\/wp\/v2\/product_brand?post=13632"},{"taxonomy":"product_cat","embeddable":true,"href":"https:\/\/www.ntvsys.de\/wp\/wp-json\/wp\/v2\/product_cat?post=13632"},{"taxonomy":"product_tag","embeddable":true,"href":"https:\/\/www.ntvsys.de\/wp\/wp-json\/wp\/v2\/product_tag?post=13632"}],"curies":[{"name":"wp","href":"https:\/\/api.w.org\/{rel}","templated":true}]}}