{"id":13665,"date":"2024-11-27T16:05:45","date_gmt":"2024-11-27T14:05:45","guid":{"rendered":"https:\/\/www.ntvsys.de\/wp\/produkt\/dell-micro-form-factor-all-in-one-stand-mfs22-monitor-desktop-staender-19-27-silber-3-years-basic-hardware-warranty\/"},"modified":"2026-02-08T13:10:54","modified_gmt":"2026-02-08T11:10:54","slug":"dell-micro-form-factor-all-in-one-stand-mfs22-monitor-desktop-staender-19-27-silber-3-years-basic-hardware-warranty","status":"publish","type":"product","link":"https:\/\/www.ntvsys.de\/wp\/produkt\/dell-micro-form-factor-all-in-one-stand-mfs22-monitor-desktop-staender-19-27-silber-3-years-basic-hardware-warranty\/","title":{"rendered":"DELL Micro AIO-St\u00e4nder \u2013 MFS22"},"content":{"rendered":"<p>DELL Micro AIO-St\u00e4nder \u2013 MFS22. H\u00f6chstgewichtskapazit\u00e4t: 5,8 kg, Minimum Bildschirmgr\u00f6\u00dfe: 48,3 cm (19&#8243;), Maximale Bildschirmgr\u00f6\u00dfe: 68,6 cm (27&#8243;), Minimale VESA-Halterung: 100 x 100 mm, Maximale VESA-Halterung: 100 x 100 mm. H\u00f6henverstellung, Schwenkwinkelbereich: 45 &#8211; 150\u00b0, Neigungswinkelbereich: -5 &#8211; 21\u00b0. Produktfarbe: Silber, Schwarz<\/p>\n","protected":false},"excerpt":{"rendered":"<p>DELL Micro AIO-St\u00e4nder \u2013 MFS22, 5,8 kg, 48,3 cm (19&#8243;), 68,6 cm (27&#8243;), 100 x 100 mm, H\u00f6henverstellung, Silber, Schwarz<\/p>\n","protected":false},"featured_media":16475,"comment_status":"open","ping_status":"closed","template":"","meta":[],"product_brand":[],"product_cat":[1293],"product_tag":[],"class_list":{"0":"post-13665","1":"product","2":"type-product","3":"status-publish","4":"has-post-thumbnail","6":"product_cat-zubehoer-fuer-pc-workstations-etc","8":"first","9":"outofstock","10":"taxable","11":"shipping-taxable","12":"purchasable","13":"product-type-simple"},"_links":{"self":[{"href":"https:\/\/www.ntvsys.de\/wp\/wp-json\/wp\/v2\/product\/13665","targetHints":{"allow":["GET"]}}],"collection":[{"href":"https:\/\/www.ntvsys.de\/wp\/wp-json\/wp\/v2\/product"}],"about":[{"href":"https:\/\/www.ntvsys.de\/wp\/wp-json\/wp\/v2\/types\/product"}],"replies":[{"embeddable":true,"href":"https:\/\/www.ntvsys.de\/wp\/wp-json\/wp\/v2\/comments?post=13665"}],"wp:featuredmedia":[{"embeddable":true,"href":"https:\/\/www.ntvsys.de\/wp\/wp-json\/wp\/v2\/media\/16475"}],"wp:attachment":[{"href":"https:\/\/www.ntvsys.de\/wp\/wp-json\/wp\/v2\/media?parent=13665"}],"wp:term":[{"taxonomy":"product_brand","embeddable":true,"href":"https:\/\/www.ntvsys.de\/wp\/wp-json\/wp\/v2\/product_brand?post=13665"},{"taxonomy":"product_cat","embeddable":true,"href":"https:\/\/www.ntvsys.de\/wp\/wp-json\/wp\/v2\/product_cat?post=13665"},{"taxonomy":"product_tag","embeddable":true,"href":"https:\/\/www.ntvsys.de\/wp\/wp-json\/wp\/v2\/product_tag?post=13665"}],"curies":[{"name":"wp","href":"https:\/\/api.w.org\/{rel}","templated":true}]}}