{"id":13670,"date":"2024-11-27T16:05:47","date_gmt":"2024-11-27T14:05:47","guid":{"rendered":"https:\/\/www.ntvsys.de\/wp\/produkt\/kingston-server-premier-ddr4-modul-32-gb-dimm-288-pin-2666-mhz-pc4-21300-cl19-1-2-v-registriert-paritaet-ecc-3\/"},"modified":"2024-12-10T20:07:44","modified_gmt":"2024-12-10T18:07:44","slug":"kingston-server-premier-ddr4-modul-32-gb-dimm-288-pin-2666-mhz-pc4-21300-cl19-1-2-v-registriert-paritaet-ecc-3","status":"publish","type":"product","link":"https:\/\/www.ntvsys.de\/wp\/produkt\/kingston-server-premier-ddr4-modul-32-gb-dimm-288-pin-2666-mhz-pc4-21300-cl19-1-2-v-registriert-paritaet-ecc-3\/","title":{"rendered":"Kingston Technology KSM26RS4\/32MFR Speichermodul 32 GB 1 x 32 GB DDR4 2666 MHz ECC"},"content":{"rendered":"<p>Kingston Technology KSM26RS4\/32MFR. Komponente f\u00fcr: PC \/ Server, Speicherkapazit\u00e4t: 32 GB, Speicherlayout (Module x Gr\u00f6\u00dfe): 1 x 32 GB, Interner Speichertyp: DDR4, Speichertaktfrequenz: 2666 MHz, Memory Formfaktor: 288-pin DIMM, CAS Latenz: 19, ECC<\/p>\n","protected":false},"excerpt":{"rendered":"<p>Kingston Technology KSM26RS4\/32MFR, 32 GB, 1 x 32 GB, DDR4, 2666 MHz, 288-pin DIMM<\/p>\n","protected":false},"featured_media":16483,"comment_status":"open","ping_status":"closed","template":"","meta":[],"product_brand":[],"product_cat":[1166],"product_tag":[],"class_list":{"0":"post-13670","1":"product","2":"type-product","3":"status-publish","4":"has-post-thumbnail","6":"product_cat-speicher","8":"first","9":"instock","10":"taxable","11":"shipping-taxable","12":"purchasable","13":"product-type-simple"},"_links":{"self":[{"href":"https:\/\/www.ntvsys.de\/wp\/wp-json\/wp\/v2\/product\/13670","targetHints":{"allow":["GET"]}}],"collection":[{"href":"https:\/\/www.ntvsys.de\/wp\/wp-json\/wp\/v2\/product"}],"about":[{"href":"https:\/\/www.ntvsys.de\/wp\/wp-json\/wp\/v2\/types\/product"}],"replies":[{"embeddable":true,"href":"https:\/\/www.ntvsys.de\/wp\/wp-json\/wp\/v2\/comments?post=13670"}],"wp:featuredmedia":[{"embeddable":true,"href":"https:\/\/www.ntvsys.de\/wp\/wp-json\/wp\/v2\/media\/16483"}],"wp:attachment":[{"href":"https:\/\/www.ntvsys.de\/wp\/wp-json\/wp\/v2\/media?parent=13670"}],"wp:term":[{"taxonomy":"product_brand","embeddable":true,"href":"https:\/\/www.ntvsys.de\/wp\/wp-json\/wp\/v2\/product_brand?post=13670"},{"taxonomy":"product_cat","embeddable":true,"href":"https:\/\/www.ntvsys.de\/wp\/wp-json\/wp\/v2\/product_cat?post=13670"},{"taxonomy":"product_tag","embeddable":true,"href":"https:\/\/www.ntvsys.de\/wp\/wp-json\/wp\/v2\/product_tag?post=13670"}],"curies":[{"name":"wp","href":"https:\/\/api.w.org\/{rel}","templated":true}]}}