{"id":13946,"date":"2024-11-27T16:07:18","date_gmt":"2024-11-27T14:07:18","guid":{"rendered":"https:\/\/www.ntvsys.de\/wp\/produkt\/thinkpad-ddr5-modul-16-gb-so-dimm-262-pin-4800-mhz-pc5-38400-campus-gruen-fuer-thinkpad-t14-gen-4-21hd-t15p-gen-3-21da-21db\/"},"modified":"2024-12-10T20:04:07","modified_gmt":"2024-12-10T18:04:07","slug":"thinkpad-ddr5-modul-16-gb-so-dimm-262-pin-4800-mhz-pc5-38400-campus-gruen-fuer-thinkpad-t14-gen-4-21hd-t15p-gen-3-21da-21db","status":"publish","type":"product","link":"https:\/\/www.ntvsys.de\/wp\/produkt\/thinkpad-ddr5-modul-16-gb-so-dimm-262-pin-4800-mhz-pc5-38400-campus-gruen-fuer-thinkpad-t14-gen-4-21hd-t15p-gen-3-21da-21db\/","title":{"rendered":"Lenovo 4X71K08907 Speichermodul 16 GB 1 x 16 GB DDR5 4800 MHz"},"content":{"rendered":"<p>Lenovo 4X71K08907. Komponente f\u00fcr: PC, Speicherkapazit\u00e4t: 16 GB, Speicherlayout (Module x Gr\u00f6\u00dfe): 1 x 16 GB, Interner Speichertyp: DDR5, Speichertaktfrequenz: 4800 MHz<\/p>\n","protected":false},"excerpt":{"rendered":"<p>Lenovo 4X71K08907, 16 GB, 1 x 16 GB, DDR5, 4800 MHz<\/p>\n","protected":false},"featured_media":16703,"comment_status":"open","ping_status":"closed","template":"","meta":[],"product_brand":[],"product_cat":[1166],"product_tag":[],"class_list":{"0":"post-13946","1":"product","2":"type-product","3":"status-publish","4":"has-post-thumbnail","6":"product_cat-speicher","8":"first","9":"instock","10":"taxable","11":"shipping-taxable","12":"purchasable","13":"product-type-simple"},"_links":{"self":[{"href":"https:\/\/www.ntvsys.de\/wp\/wp-json\/wp\/v2\/product\/13946","targetHints":{"allow":["GET"]}}],"collection":[{"href":"https:\/\/www.ntvsys.de\/wp\/wp-json\/wp\/v2\/product"}],"about":[{"href":"https:\/\/www.ntvsys.de\/wp\/wp-json\/wp\/v2\/types\/product"}],"replies":[{"embeddable":true,"href":"https:\/\/www.ntvsys.de\/wp\/wp-json\/wp\/v2\/comments?post=13946"}],"wp:featuredmedia":[{"embeddable":true,"href":"https:\/\/www.ntvsys.de\/wp\/wp-json\/wp\/v2\/media\/16703"}],"wp:attachment":[{"href":"https:\/\/www.ntvsys.de\/wp\/wp-json\/wp\/v2\/media?parent=13946"}],"wp:term":[{"taxonomy":"product_brand","embeddable":true,"href":"https:\/\/www.ntvsys.de\/wp\/wp-json\/wp\/v2\/product_brand?post=13946"},{"taxonomy":"product_cat","embeddable":true,"href":"https:\/\/www.ntvsys.de\/wp\/wp-json\/wp\/v2\/product_cat?post=13946"},{"taxonomy":"product_tag","embeddable":true,"href":"https:\/\/www.ntvsys.de\/wp\/wp-json\/wp\/v2\/product_tag?post=13946"}],"curies":[{"name":"wp","href":"https:\/\/api.w.org\/{rel}","templated":true}]}}