{"id":1396,"date":"2014-12-16T14:55:38","date_gmt":"2014-12-16T12:55:38","guid":{"rendered":"https:\/\/www.ntvsys.de\/wp\/?product=axis-p1357-e-0530-001"},"modified":"2016-02-10T13:01:49","modified_gmt":"2016-02-10T11:01:49","slug":"axis-p1357-e-0530-001","status":"publish","type":"product","link":"https:\/\/www.ntvsys.de\/wp\/produkt\/axis-p1357-e-0530-001\/","title":{"rendered":"Axis P1357-E (0530-001)"},"content":{"rendered":"<ul>\n<li>Hervorragende Videoqualit\u00e4t mit HDTV und 5 Megapixeln<\/li>\n<li>P-Iris-Blendensteuerung<\/li>\n<li>Mehrere H.264-Videostr\u00f6me<\/li>\n<li>Digitales PTZ und Streaming mit mehreren Ansichten<\/li>\n<li>Geeignet f\u00fcr den Au\u00dfeneinsatz<\/li>\n<li><a href=\"https:\/\/www.ntvsys.de\/wp\/wp-content\/uploads\/2014\/12\/um_p1357-e_49959_en_1303.pdf\" target=\"_blank\">PDF<\/a><\/li>\n<\/ul>\n<p>F\u00fcr den Au\u00dfenbereich geeignete, fest ausgerichtete hochwertige Kamera zur Video\u00fcberwachung mit 5 Megapixeln<\/p>\n<p>Das sofort einsatzf\u00e4hige und f\u00fcr den Au\u00dfenbereich geeignete Modell AXIS P1357-E ist eine erstklassige fest ausgerichtete 5-Megapixel-Netzwerk-Kamera mit HDTV 1080p-Leistung. Weitere Ausstattungsmerkmale sind eine pr\u00e4zise Blendensteuerung, die f\u00fcr eine optimale Bildsch\u00e4rfe sorgt, sowie H.264-Komprimierung. Die Kamera eignet sich hervorragend f\u00fcr den Einsatz in Au\u00dfenbereichen von Flugh\u00e4fen, Banken und Ladengesch\u00e4ften sowie f\u00fcr die St\u00e4dte\u00fcberwachung. Sie ist zudem die perfekte L\u00f6sung f\u00fcr Anwendungen mit vielen Detailaufnahmen oder einem gro\u00dfen zu \u00fcberwachenden Bereich.<\/p>\n<p>Erweiterte Blendensteuerung<\/p>\n<p>Die revolution\u00e4re P-Iris-Blendensteuerung erm\u00f6glicht die automatische und pr\u00e4zise Steuerung der Blenden\u00f6ffnung, wodurch Tiefensch\u00e4rfe und Objektivaufl\u00f6sung f\u00fcr eine perfekte Bildsch\u00e4rfe optimiert werden. Durch die Unterst\u00fctzung von DC-Blenden wird die Abw\u00e4rtskompatibilit\u00e4t sichergestellt. Die Kamera verf\u00fcgt au\u00dferdem \u00fcber eine Tag-\/Nacht-Funktion f\u00fcr hohe Bildqualit\u00e4t auch bei schwacher Beleuchtung.<\/p>\n<p>\u00dcberwachung im Au\u00dfenbereich<\/p>\n<p>\u00dcberwachungsl\u00f6sungen f\u00fcr den Au\u00dfenbereich<\/p>\n<p>Die IP66-konforme AXIS P1357-E wird mit Wandhalterungstr\u00e4ger, Sonnenschutz und Ethernet-Kabel ausgeliefert. Sie verf\u00fcgt \u00fcber einen Schutz vor Staub, Regen, Schnee und Sonneneinstrahlung und ist f\u00fcr den Einsatz bei Temperaturen von -40 \u00b0C bis 50 \u00b0C geeignet.<\/p>\n<p>Gleichzeitig H.264 und Motion JPEG<\/p>\n<p>Mithilfe der digitalen PTZ-Funktionen und dem Multiview-Streaming \u00fcber das mehrere Ausschnitte der vollen Ansicht gleichzeitig angezeigt werden k\u00f6nnen, l\u00e4sst sich der Bandbreiten- und Speicherbedarf erheblich verringern. Die Kamera unterst\u00fctzt mehrere einzeln konfigurierbare Videostr\u00f6me in H.264 und Motion JPEG.<\/p>\n<p>Einfache Installation<\/p>\n<p>Die Unterst\u00fctzung von Power over Ethernet* vereinfacht die Installation. Die Kamera erm\u00f6glicht au\u00dferdem die Ferneinstellung des Auflagema\u00dfes, d. h. die Feinabstimmung des Fokus kann von einem Computer aus durchgef\u00fchrt werden.<\/p>\n","protected":false},"excerpt":{"rendered":"<p>Bildsensor: 1\/3.2&#8243; CMOS \u2022 Aufl\u00f6sung: 2592&#215;1944 (12fps) \u2022 Objektiv: 2.8-8mm (F1.2) \u2022 Lichtempfindlichkeit: 0.2 Lux (Farbe), 0.04 Lux (S\/W) \u2022 Sichtwinkel: 32\u00b0 bis 80\u00b0 (horizontal), keine Angabe (vertikal) \u2022 Komprimierung: MJPEG, H.264 \u2022 Schnittstellen: 1x LAN (PoE), 1x SD-Card Slot (bis 64GB), 1x Alarmeingang 1x Alarmausgang, 1x Audio-In, 1x Audio-Out \u2022 Schutzklasse: IP66, NEMA 4x, IK10 zertifiziert \u2022 Besonderheiten: Bewegungserkennung, IR-Filter, integriertes Mikrofon, Multistreaming, 5 Privatzonen, Outdoor<\/p>\n","protected":false},"featured_media":1399,"comment_status":"closed","ping_status":"closed","template":"","meta":[],"product_brand":[],"product_cat":[29,23],"product_tag":[],"class_list":{"0":"post-1396","1":"product","2":"type-product","3":"status-publish","4":"has-post-thumbnail","6":"product_cat-feste-kameras","7":"product_cat-videoueberwachung","9":"first","10":"instock","11":"taxable","12":"shipping-taxable","13":"purchasable","14":"product-type-simple"},"_links":{"self":[{"href":"https:\/\/www.ntvsys.de\/wp\/wp-json\/wp\/v2\/product\/1396","targetHints":{"allow":["GET"]}}],"collection":[{"href":"https:\/\/www.ntvsys.de\/wp\/wp-json\/wp\/v2\/product"}],"about":[{"href":"https:\/\/www.ntvsys.de\/wp\/wp-json\/wp\/v2\/types\/product"}],"replies":[{"embeddable":true,"href":"https:\/\/www.ntvsys.de\/wp\/wp-json\/wp\/v2\/comments?post=1396"}],"wp:featuredmedia":[{"embeddable":true,"href":"https:\/\/www.ntvsys.de\/wp\/wp-json\/wp\/v2\/media\/1399"}],"wp:attachment":[{"href":"https:\/\/www.ntvsys.de\/wp\/wp-json\/wp\/v2\/media?parent=1396"}],"wp:term":[{"taxonomy":"product_brand","embeddable":true,"href":"https:\/\/www.ntvsys.de\/wp\/wp-json\/wp\/v2\/product_brand?post=1396"},{"taxonomy":"product_cat","embeddable":true,"href":"https:\/\/www.ntvsys.de\/wp\/wp-json\/wp\/v2\/product_cat?post=1396"},{"taxonomy":"product_tag","embeddable":true,"href":"https:\/\/www.ntvsys.de\/wp\/wp-json\/wp\/v2\/product_tag?post=1396"}],"curies":[{"name":"wp","href":"https:\/\/api.w.org\/{rel}","templated":true}]}}