{"id":13981,"date":"2024-11-27T16:07:30","date_gmt":"2024-11-27T14:07:30","guid":{"rendered":"https:\/\/www.ntvsys.de\/wp\/produkt\/kb-mice_bo-thinkpad-wireless-mouse\/"},"modified":"2026-02-08T13:05:02","modified_gmt":"2026-02-08T11:05:02","slug":"kb-mice_bo-thinkpad-wireless-mouse","status":"publish","type":"product","link":"https:\/\/www.ntvsys.de\/wp\/produkt\/kb-mice_bo-thinkpad-wireless-mouse\/","title":{"rendered":"Lenovo 4X30M56887 Maus B\u00fcro Beidh\u00e4ndig RF Wireless Optisch 1200 DPI"},"content":{"rendered":"<p>Lenovo 4X30M56887. Formfaktor: Beidh\u00e4ndig. Bewegungerfassungs Technologie: Optisch, Ger\u00e4teschnittstelle: RF Wireless, Bewegung Aufl\u00f6sung: 1200 DPI, Tastentyp: Gedr\u00fcckte Tasten, Knopfanzahl: 3, Scroll Typ: Rad. Energiequelle: Batterien. Produktfarbe: Schwarz, Rot<\/p>\n","protected":false},"excerpt":{"rendered":"<p>Lenovo 4X30M56887, Beidh\u00e4ndig, Optisch, RF Wireless, 1200 DPI, Schwarz, Rot<\/p>\n","protected":false},"featured_media":16715,"comment_status":"open","ping_status":"closed","template":"","meta":[],"product_brand":[],"product_cat":[1071],"product_tag":[],"class_list":{"0":"post-13981","1":"product","2":"type-product","3":"status-publish","4":"has-post-thumbnail","6":"product_cat-maeuse","8":"first","9":"instock","10":"taxable","11":"shipping-taxable","12":"purchasable","13":"product-type-simple"},"_links":{"self":[{"href":"https:\/\/www.ntvsys.de\/wp\/wp-json\/wp\/v2\/product\/13981","targetHints":{"allow":["GET"]}}],"collection":[{"href":"https:\/\/www.ntvsys.de\/wp\/wp-json\/wp\/v2\/product"}],"about":[{"href":"https:\/\/www.ntvsys.de\/wp\/wp-json\/wp\/v2\/types\/product"}],"replies":[{"embeddable":true,"href":"https:\/\/www.ntvsys.de\/wp\/wp-json\/wp\/v2\/comments?post=13981"}],"wp:featuredmedia":[{"embeddable":true,"href":"https:\/\/www.ntvsys.de\/wp\/wp-json\/wp\/v2\/media\/16715"}],"wp:attachment":[{"href":"https:\/\/www.ntvsys.de\/wp\/wp-json\/wp\/v2\/media?parent=13981"}],"wp:term":[{"taxonomy":"product_brand","embeddable":true,"href":"https:\/\/www.ntvsys.de\/wp\/wp-json\/wp\/v2\/product_brand?post=13981"},{"taxonomy":"product_cat","embeddable":true,"href":"https:\/\/www.ntvsys.de\/wp\/wp-json\/wp\/v2\/product_cat?post=13981"},{"taxonomy":"product_tag","embeddable":true,"href":"https:\/\/www.ntvsys.de\/wp\/wp-json\/wp\/v2\/product_tag?post=13981"}],"curies":[{"name":"wp","href":"https:\/\/api.w.org\/{rel}","templated":true}]}}