{"id":14022,"date":"2024-11-27T16:07:44","date_gmt":"2024-11-27T14:07:44","guid":{"rendered":"https:\/\/www.ntvsys.de\/wp\/produkt\/dell-ddr4-modul-8-gb-dimm-288-pin-3200-mhz-pc4-25600-ecc-upgrade\/"},"modified":"2024-12-10T20:20:17","modified_gmt":"2024-12-10T18:20:17","slug":"dell-ddr4-modul-8-gb-dimm-288-pin-3200-mhz-pc4-25600-ecc-upgrade","status":"publish","type":"product","link":"https:\/\/www.ntvsys.de\/wp\/produkt\/dell-ddr4-modul-8-gb-dimm-288-pin-3200-mhz-pc4-25600-ecc-upgrade\/","title":{"rendered":"DELL AC140379 Speichermodul 8 GB 1 x 8 GB DDR4 3200 MHz ECC"},"content":{"rendered":"<p>DELL AC140379. Komponente f\u00fcr: PC, Speicherkapazit\u00e4t: 8 GB, Speicherlayout (Module x Gr\u00f6\u00dfe): 1 x 8 GB, Interner Speichertyp: DDR4, Speichertaktfrequenz: 3200 MHz, ECC<\/p>\n","protected":false},"excerpt":{"rendered":"<p>DELL AC140379, 8 GB, 1 x 8 GB, DDR4, 3200 MHz<\/p>\n","protected":false},"featured_media":16731,"comment_status":"open","ping_status":"closed","template":"","meta":[],"product_brand":[],"product_cat":[1166],"product_tag":[],"class_list":{"0":"post-14022","1":"product","2":"type-product","3":"status-publish","4":"has-post-thumbnail","6":"product_cat-speicher","8":"first","9":"instock","10":"taxable","11":"shipping-taxable","12":"purchasable","13":"product-type-simple"},"_links":{"self":[{"href":"https:\/\/www.ntvsys.de\/wp\/wp-json\/wp\/v2\/product\/14022","targetHints":{"allow":["GET"]}}],"collection":[{"href":"https:\/\/www.ntvsys.de\/wp\/wp-json\/wp\/v2\/product"}],"about":[{"href":"https:\/\/www.ntvsys.de\/wp\/wp-json\/wp\/v2\/types\/product"}],"replies":[{"embeddable":true,"href":"https:\/\/www.ntvsys.de\/wp\/wp-json\/wp\/v2\/comments?post=14022"}],"wp:featuredmedia":[{"embeddable":true,"href":"https:\/\/www.ntvsys.de\/wp\/wp-json\/wp\/v2\/media\/16731"}],"wp:attachment":[{"href":"https:\/\/www.ntvsys.de\/wp\/wp-json\/wp\/v2\/media?parent=14022"}],"wp:term":[{"taxonomy":"product_brand","embeddable":true,"href":"https:\/\/www.ntvsys.de\/wp\/wp-json\/wp\/v2\/product_brand?post=14022"},{"taxonomy":"product_cat","embeddable":true,"href":"https:\/\/www.ntvsys.de\/wp\/wp-json\/wp\/v2\/product_cat?post=14022"},{"taxonomy":"product_tag","embeddable":true,"href":"https:\/\/www.ntvsys.de\/wp\/wp-json\/wp\/v2\/product_tag?post=14022"}],"curies":[{"name":"wp","href":"https:\/\/api.w.org\/{rel}","templated":true}]}}