{"id":14059,"date":"2024-11-27T16:07:57","date_gmt":"2024-11-27T14:07:57","guid":{"rendered":"https:\/\/www.ntvsys.de\/wp\/produkt\/wd-ultrastar-data60-se4u60-24-speichergehaeuse-60-schaechte-sata-600-hdd-20-tb-x-24-rack-einbaufaehig-4u-2\/"},"modified":"2024-12-10T20:16:01","modified_gmt":"2024-12-10T18:16:01","slug":"wd-ultrastar-data60-se4u60-24-speichergehaeuse-60-schaechte-sata-600-hdd-20-tb-x-24-rack-einbaufaehig-4u-2","status":"publish","type":"product","link":"https:\/\/www.ntvsys.de\/wp\/produkt\/wd-ultrastar-data60-se4u60-24-speichergehaeuse-60-schaechte-sata-600-hdd-20-tb-x-24-rack-einbaufaehig-4u-2\/","title":{"rendered":"WD Ultrastar Data60 SE4U60-24 &#8211; Speichergeh\u00e4use &#8211; 60 Sch\u00e4chte (SATA-600) &#8211; HDD 20 TB x 24 &#8211; Rack &#8211; einbauf\u00e4hig &#8211; 4U"},"content":{"rendered":"<p>WD Ultrastar Data60 SE4U60-24 &#8211; Speichergeh\u00e4use &#8211; 60 Sch\u00e4chte (SATA-600) &#8211; HDD 20 TB x 24 &#8211; Rack &#8211; einbauf\u00e4hig &#8211; 4U<\/p>\n","protected":false},"excerpt":{"rendered":"<p>WD Ultrastar Data60 SE4U60-24 &#8211; Speichergeh\u00e4use &#8211; 60 Sch\u00e4chte (SATA-600) &#8211; HDD 20 TB x 24 &#8211; Rack &#8211; einbauf\u00e4hig &#8211; 4U<\/p>\n","protected":false},"featured_media":0,"comment_status":"open","ping_status":"closed","template":"","meta":[],"product_brand":[],"product_cat":[1277],"product_tag":[],"class_list":{"0":"post-14059","1":"product","2":"type-product","3":"status-publish","5":"product_cat-speichererweiterungen-und-raid","7":"first","8":"instock","9":"taxable","10":"shipping-taxable","11":"purchasable","12":"product-type-simple"},"_links":{"self":[{"href":"https:\/\/www.ntvsys.de\/wp\/wp-json\/wp\/v2\/product\/14059","targetHints":{"allow":["GET"]}}],"collection":[{"href":"https:\/\/www.ntvsys.de\/wp\/wp-json\/wp\/v2\/product"}],"about":[{"href":"https:\/\/www.ntvsys.de\/wp\/wp-json\/wp\/v2\/types\/product"}],"replies":[{"embeddable":true,"href":"https:\/\/www.ntvsys.de\/wp\/wp-json\/wp\/v2\/comments?post=14059"}],"wp:attachment":[{"href":"https:\/\/www.ntvsys.de\/wp\/wp-json\/wp\/v2\/media?parent=14059"}],"wp:term":[{"taxonomy":"product_brand","embeddable":true,"href":"https:\/\/www.ntvsys.de\/wp\/wp-json\/wp\/v2\/product_brand?post=14059"},{"taxonomy":"product_cat","embeddable":true,"href":"https:\/\/www.ntvsys.de\/wp\/wp-json\/wp\/v2\/product_cat?post=14059"},{"taxonomy":"product_tag","embeddable":true,"href":"https:\/\/www.ntvsys.de\/wp\/wp-json\/wp\/v2\/product_tag?post=14059"}],"curies":[{"name":"wp","href":"https:\/\/api.w.org\/{rel}","templated":true}]}}