{"id":14151,"date":"2024-11-27T16:08:27","date_gmt":"2024-11-27T14:08:27","guid":{"rendered":"https:\/\/www.ntvsys.de\/wp\/produkt\/thinksystem-2-5-1-2tb-10k-sas-12gb-hot\/"},"modified":"2026-02-08T12:56:06","modified_gmt":"2026-02-08T10:56:06","slug":"thinksystem-2-5-1-2tb-10k-sas-12gb-hot","status":"publish","type":"product","link":"https:\/\/www.ntvsys.de\/wp\/produkt\/thinksystem-2-5-1-2tb-10k-sas-12gb-hot\/","title":{"rendered":"Lenovo 1.2TB, 2.5&#8243;, SAS Interne Festplatte 1,2 TB 10000 RPM 2.5&#8243;"},"content":{"rendered":"<p>Lenovo 1.2TB, 2.5&#8243;, SAS. HDD Kapazit\u00e4t: 1,2 TB, HDD Geschwindigkeit: 10000 RPM, HDD Gr\u00f6\u00dfe: 2.5&#8243;, Schnittstelle: SAS<\/p>\n","protected":false},"excerpt":{"rendered":"<p>Lenovo 1.2TB, 2.5&#8243;, SAS, 1,2 TB, 10000 RPM, 2.5&#8243;, SAS<\/p>\n","protected":false},"featured_media":16776,"comment_status":"open","ping_status":"closed","template":"","meta":[],"product_brand":[],"product_cat":[1115],"product_tag":[],"class_list":{"0":"post-14151","1":"product","2":"type-product","3":"status-publish","4":"has-post-thumbnail","6":"product_cat-interne-festplatten","8":"first","9":"outofstock","10":"taxable","11":"shipping-taxable","12":"purchasable","13":"product-type-simple"},"_links":{"self":[{"href":"https:\/\/www.ntvsys.de\/wp\/wp-json\/wp\/v2\/product\/14151","targetHints":{"allow":["GET"]}}],"collection":[{"href":"https:\/\/www.ntvsys.de\/wp\/wp-json\/wp\/v2\/product"}],"about":[{"href":"https:\/\/www.ntvsys.de\/wp\/wp-json\/wp\/v2\/types\/product"}],"replies":[{"embeddable":true,"href":"https:\/\/www.ntvsys.de\/wp\/wp-json\/wp\/v2\/comments?post=14151"}],"wp:featuredmedia":[{"embeddable":true,"href":"https:\/\/www.ntvsys.de\/wp\/wp-json\/wp\/v2\/media\/16776"}],"wp:attachment":[{"href":"https:\/\/www.ntvsys.de\/wp\/wp-json\/wp\/v2\/media?parent=14151"}],"wp:term":[{"taxonomy":"product_brand","embeddable":true,"href":"https:\/\/www.ntvsys.de\/wp\/wp-json\/wp\/v2\/product_brand?post=14151"},{"taxonomy":"product_cat","embeddable":true,"href":"https:\/\/www.ntvsys.de\/wp\/wp-json\/wp\/v2\/product_cat?post=14151"},{"taxonomy":"product_tag","embeddable":true,"href":"https:\/\/www.ntvsys.de\/wp\/wp-json\/wp\/v2\/product_tag?post=14151"}],"curies":[{"name":"wp","href":"https:\/\/api.w.org\/{rel}","templated":true}]}}