{"id":14159,"date":"2024-11-27T16:08:30","date_gmt":"2024-11-27T14:08:30","guid":{"rendered":"https:\/\/www.ntvsys.de\/wp\/produkt\/wd-my-cloud-home-duo-wdbmut0060jwt-geraet-fuer-persoenlichen-cloudspeicher-6-tb-hdd-3-tb-x-2-raid-1-jbod-gigabit-ethernet\/"},"modified":"2024-12-10T19:41:31","modified_gmt":"2024-12-10T17:41:31","slug":"wd-my-cloud-home-duo-wdbmut0060jwt-geraet-fuer-persoenlichen-cloudspeicher-6-tb-hdd-3-tb-x-2-raid-1-jbod-gigabit-ethernet","status":"publish","type":"product","link":"https:\/\/www.ntvsys.de\/wp\/produkt\/wd-my-cloud-home-duo-wdbmut0060jwt-geraet-fuer-persoenlichen-cloudspeicher-6-tb-hdd-3-tb-x-2-raid-1-jbod-gigabit-ethernet\/","title":{"rendered":"WD My Cloud Home Duo WDBMUT0060JWT &#8211; Ger\u00e4t f\u00fcr pers\u00f6nlichen Cloudspeicher &#8211; 6 TB &#8211; HDD 3 TB x 2 &#8211; RAID 1, JBOD &#8211; Gigabit Ethernet"},"content":{"rendered":"<p>WD My Cloud Home Duo WDBMUT0060JWT &#8211; Ger\u00e4t f\u00fcr pers\u00f6nlichen Cloudspeicher &#8211; 6 TB &#8211; HDD 3 TB x 2 &#8211; RAID 1, JBOD &#8211; Gigabit Ethernet<\/p>\n","protected":false},"excerpt":{"rendered":"<p>WD My Cloud Home Duo WDBMUT0060JWT &#8211; Ger\u00e4t f\u00fcr pers\u00f6nlichen Cloudspeicher &#8211; 6 TB &#8211; HDD 3 TB x 2 &#8211; RAID 1, JBOD &#8211; Gigabit Ethernet<\/p>\n","protected":false},"featured_media":0,"comment_status":"open","ping_status":"closed","template":"","meta":[],"product_brand":[],"product_cat":[1214],"product_tag":[],"class_list":{"0":"post-14159","1":"product","2":"type-product","3":"status-publish","5":"product_cat-nas-systeme","7":"first","8":"instock","9":"taxable","10":"shipping-taxable","11":"purchasable","12":"product-type-simple"},"_links":{"self":[{"href":"https:\/\/www.ntvsys.de\/wp\/wp-json\/wp\/v2\/product\/14159","targetHints":{"allow":["GET"]}}],"collection":[{"href":"https:\/\/www.ntvsys.de\/wp\/wp-json\/wp\/v2\/product"}],"about":[{"href":"https:\/\/www.ntvsys.de\/wp\/wp-json\/wp\/v2\/types\/product"}],"replies":[{"embeddable":true,"href":"https:\/\/www.ntvsys.de\/wp\/wp-json\/wp\/v2\/comments?post=14159"}],"wp:attachment":[{"href":"https:\/\/www.ntvsys.de\/wp\/wp-json\/wp\/v2\/media?parent=14159"}],"wp:term":[{"taxonomy":"product_brand","embeddable":true,"href":"https:\/\/www.ntvsys.de\/wp\/wp-json\/wp\/v2\/product_brand?post=14159"},{"taxonomy":"product_cat","embeddable":true,"href":"https:\/\/www.ntvsys.de\/wp\/wp-json\/wp\/v2\/product_cat?post=14159"},{"taxonomy":"product_tag","embeddable":true,"href":"https:\/\/www.ntvsys.de\/wp\/wp-json\/wp\/v2\/product_tag?post=14159"}],"curies":[{"name":"wp","href":"https:\/\/api.w.org\/{rel}","templated":true}]}}