{"id":1422,"date":"2014-12-16T15:37:46","date_gmt":"2014-12-16T13:37:46","guid":{"rendered":"https:\/\/www.ntvsys.de\/wp\/?product=1422"},"modified":"2018-01-23T10:41:47","modified_gmt":"2018-01-23T08:41:47","slug":"1422","status":"publish","type":"product","link":"https:\/\/www.ntvsys.de\/wp\/produkt\/1422\/","title":{"rendered":"Axis Q1614-E (0551-001)"},"content":{"rendered":"<ul>\n<li>F\u00fcr den Au\u00dfenbereich geeignet, mit Arctic Temperature Control<\/li>\n<li>-40 \u00b0C bis 50 \u00b0C<\/li>\n<li>Dynamische Erfassung und Lightfinder<\/li>\n<li>Tag\/Nacht-Funktionalit\u00e4t<\/li>\n<li>Innovative Installationsfunktionen<\/li>\n<li>Sto\u00dferkennung<\/li>\n<li><a href=\"https:\/\/www.ntvsys.de\/wp\/wp-content\/uploads\/2014\/12\/ig_q1614e_58674_en_1407.pdf\" target=\"_blank\">PDF<\/a><\/li>\n<\/ul>\n<p>Video\u00fcberwachung im Au\u00dfenbereich<br \/>\nDie IP66- und NEMA 4X-zertifizierte AXIS Q1614-E verf\u00fcgt \u00fcber ein Aluminium- und ein robustes Geh\u00e4use sowie einen Sonnenschutz, um die Installationszeit und -kosten zu verringern. Sie ist gegen Staub, Regen, Schnee und Sonneneinstrahlung gesch\u00fctzt, f\u00fcr den Einsatz bei Temperaturen zwischen -40 \u00b0C und +50 \u00b0C geeignet und verwendet High PoE (30 W). Die Kamera kann nicht nur bei -40 \u00b0C betrieben, sondern nach einem Stromausfall auch bei dieser Temperatur wieder in Betrieb genommen werden. Diese Funktion wird auch als AXIS Arctic Temperature Control bezeichnet. Die Beheizung wird \u00fcber zahlreiche Heizelemente mit direktem Kontakt zu Kamera und Fenster gew\u00e4hrleistet.<\/p>\n<p>Die AXIS Q1614-E verf\u00fcgt \u00fcber ein Dual-Geh\u00e4use, bei dem in Umgebungen mit niedrigen Temperaturen die W\u00e4rme in einem internen Geh\u00e4usemantel gespeichert wird. In Umgebungen mit hohen Temperaturen wird die W\u00e4rme mithilfe eines L\u00fcfters zur wirksamen K\u00fchlung in das \u00e4u\u00dfere Aluminiumgeh\u00e4use abgeleitet.<\/p>\n<p>Innovative Installationsfunktionen<\/p>\n<p>Neben den f\u00fcr die AXIS Q16-Serie typischen Installationserleichterungen verf\u00fcgt die AXIS Q1614-E \u00fcber neue und innovative Merkmale, welche die Montage der Kamera noch weiter vereinfachen. Der Ausrichtungsassistent unterst\u00fctzt bei der richtigen horizontalen Justierung, so dass die Kamera an jedem beliebigen Installationsort ein perfektes Bild liefern kann. Durch die automatische Rotation wird das Bild in die richtige Position gebracht, auch im Corridor Format. Au\u00dferdem ist die Kamera durch eine Sto\u00dferkennung gesch\u00fctzt, die bei versuchtem Vandalismus einen Alarm an das Betriebspersonal sendet. Die AXIS Q1614-E unterst\u00fctzt dar\u00fcber hinaus die Funktionen Fokus-Assistent, Ferneinstellung des Auflagema\u00dfes und Pixelz\u00e4hler.<\/p>\n<p>Die f\u00fcr den Au\u00dfenbereich geeignete Kamera unterst\u00fctzt dank ihrer PoE-Ausr\u00fcstung auch die Ein-Kabel-L\u00f6sung. Zur vereinfachten Installation sind ein Sonnenschutz und eine Wandhalterung im Lieferumfang enthalten. Drei Kabeldurchf\u00fchrungen f\u00fcr ein Ethernet-Kabel, ein Stromkabel und ein Kabel zum Anschlie\u00dfen eines externen Ger\u00e4ts an die Ein-\/Ausg\u00e4nge der Kamera sorgen f\u00fcr gr\u00f6\u00dfere Flexibilit\u00e4t. Zus\u00e4tzlich sind die Kabel vandalismusgesch\u00fctzt, und die Frontscheibe ist austauschbar.<\/p>\n<p>HDTV 720p bei 50\/60 Bildern pro Sekunde<\/p>\n<p>Die AXIS Q1614-E liefert extrem detailreiche Videobilder in dynamischen Umgebungen. Dank klarer Videoaufnahmen mit 50 oder 60 Bildern pro Sekunde in HDTV 720p-Qualit\u00e4t lassen sich Zwischenf\u00e4lle ohne Weiteres erkennen.<\/p>\n<p>Die, f\u00fcr den Au\u00dfenbereich geeignete, AXIS Q1614-E verf\u00fcgt \u00fcber die gleichen hochwertigen Eigenschaften wie die AXIS Q1614 Netzwerk-Kamera.<\/p>\n","protected":false},"excerpt":{"rendered":"<p>Bildsensor: 1\/3&#8243; CMOS \u2022 Aufl\u00f6sung: 1280&#215;960 (30fps) \u2022 Objektiv: 2.8-8mm (F1.2) \u2022 Lichtempfindlichkeit: 0.1 Lux (Farbe), 0.02 Lux (S\/W) \u2022 Sichtwinkel: 34\u00b0-80\u00b0 \u2022 Schwenken: N\/A \u2022 Neigen: N\/A \u2022 Komprimierung: H.264, MJPEG \u2022 Schnittstellen: LAN (PoE), 1x Audio-Out, 1x Audio-In, 1x Alarmeingang, 1x Alarmausgang, microSDXC-Slot \u2022 Schutzklasse: IP66, IK10, NEMA 4X \u2022 Besonderheiten: Outdoor, Bewegungserkennung, Multistreaming, IR-Filter, ONVIF, IPv6<\/p>\n","protected":false},"featured_media":1424,"comment_status":"closed","ping_status":"closed","template":"","meta":[],"product_brand":[],"product_cat":[29,23],"product_tag":[],"class_list":{"0":"post-1422","1":"product","2":"type-product","3":"status-publish","4":"has-post-thumbnail","6":"product_cat-feste-kameras","7":"product_cat-videoueberwachung","9":"first","10":"instock","11":"taxable","12":"shipping-taxable","13":"purchasable","14":"product-type-simple"},"_links":{"self":[{"href":"https:\/\/www.ntvsys.de\/wp\/wp-json\/wp\/v2\/product\/1422","targetHints":{"allow":["GET"]}}],"collection":[{"href":"https:\/\/www.ntvsys.de\/wp\/wp-json\/wp\/v2\/product"}],"about":[{"href":"https:\/\/www.ntvsys.de\/wp\/wp-json\/wp\/v2\/types\/product"}],"replies":[{"embeddable":true,"href":"https:\/\/www.ntvsys.de\/wp\/wp-json\/wp\/v2\/comments?post=1422"}],"wp:featuredmedia":[{"embeddable":true,"href":"https:\/\/www.ntvsys.de\/wp\/wp-json\/wp\/v2\/media\/1424"}],"wp:attachment":[{"href":"https:\/\/www.ntvsys.de\/wp\/wp-json\/wp\/v2\/media?parent=1422"}],"wp:term":[{"taxonomy":"product_brand","embeddable":true,"href":"https:\/\/www.ntvsys.de\/wp\/wp-json\/wp\/v2\/product_brand?post=1422"},{"taxonomy":"product_cat","embeddable":true,"href":"https:\/\/www.ntvsys.de\/wp\/wp-json\/wp\/v2\/product_cat?post=1422"},{"taxonomy":"product_tag","embeddable":true,"href":"https:\/\/www.ntvsys.de\/wp\/wp-json\/wp\/v2\/product_tag?post=1422"}],"curies":[{"name":"wp","href":"https:\/\/api.w.org\/{rel}","templated":true}]}}