{"id":14472,"date":"2024-11-27T16:10:16","date_gmt":"2024-11-27T14:10:16","guid":{"rendered":"https:\/\/www.ntvsys.de\/wp\/produkt\/kingston-fury-beast-rgb-ddr5-kit-64-gb-2-x-32-gb-dimm-288-pin-5200-mhz-pc5-41600-cl36-1-25-v-ungepuffert-on-die-ecc-weiss\/"},"modified":"2024-12-10T20:22:18","modified_gmt":"2024-12-10T18:22:18","slug":"kingston-fury-beast-rgb-ddr5-kit-64-gb-2-x-32-gb-dimm-288-pin-5200-mhz-pc5-41600-cl36-1-25-v-ungepuffert-on-die-ecc-weiss","status":"publish","type":"product","link":"https:\/\/www.ntvsys.de\/wp\/produkt\/kingston-fury-beast-rgb-ddr5-kit-64-gb-2-x-32-gb-dimm-288-pin-5200-mhz-pc5-41600-cl36-1-25-v-ungepuffert-on-die-ecc-weiss\/","title":{"rendered":"Kingston Technology FURY Beast 64 GB 5200 MT\/s DDR5 CL36 DIMM (2er-Kit) White RGB EXPO"},"content":{"rendered":"<p>Kingston Technology FURY Beast 64 GB 5200 MT\/s DDR5 CL36 DIMM (2er-Kit) White RGB EXPO. Komponente f\u00fcr: PC, Speicherkapazit\u00e4t: 64 GB, Speicherlayout (Module x Gr\u00f6\u00dfe): 2 x 32 GB, Interner Speichertyp: DDR5, Speichertaktfrequenz: 2600 MHz, Memory Formfaktor: 288-pin DIMM, CAS Latenz: 36<\/p>\n","protected":false},"excerpt":{"rendered":"<p>Kingston Technology FURY Beast 64 GB 5200 MT\/s DDR5 CL36 DIMM (2er-Kit) White RGB EXPO, 64 GB, 2 x 32 GB, DDR5, 2600 MHz, 288-pin DIMM<\/p>\n","protected":false},"featured_media":16865,"comment_status":"open","ping_status":"closed","template":"","meta":[],"product_brand":[],"product_cat":[1166],"product_tag":[],"class_list":{"0":"post-14472","1":"product","2":"type-product","3":"status-publish","4":"has-post-thumbnail","6":"product_cat-speicher","8":"first","9":"instock","10":"taxable","11":"shipping-taxable","12":"purchasable","13":"product-type-simple"},"_links":{"self":[{"href":"https:\/\/www.ntvsys.de\/wp\/wp-json\/wp\/v2\/product\/14472","targetHints":{"allow":["GET"]}}],"collection":[{"href":"https:\/\/www.ntvsys.de\/wp\/wp-json\/wp\/v2\/product"}],"about":[{"href":"https:\/\/www.ntvsys.de\/wp\/wp-json\/wp\/v2\/types\/product"}],"replies":[{"embeddable":true,"href":"https:\/\/www.ntvsys.de\/wp\/wp-json\/wp\/v2\/comments?post=14472"}],"wp:featuredmedia":[{"embeddable":true,"href":"https:\/\/www.ntvsys.de\/wp\/wp-json\/wp\/v2\/media\/16865"}],"wp:attachment":[{"href":"https:\/\/www.ntvsys.de\/wp\/wp-json\/wp\/v2\/media?parent=14472"}],"wp:term":[{"taxonomy":"product_brand","embeddable":true,"href":"https:\/\/www.ntvsys.de\/wp\/wp-json\/wp\/v2\/product_brand?post=14472"},{"taxonomy":"product_cat","embeddable":true,"href":"https:\/\/www.ntvsys.de\/wp\/wp-json\/wp\/v2\/product_cat?post=14472"},{"taxonomy":"product_tag","embeddable":true,"href":"https:\/\/www.ntvsys.de\/wp\/wp-json\/wp\/v2\/product_tag?post=14472"}],"curies":[{"name":"wp","href":"https:\/\/api.w.org\/{rel}","templated":true}]}}