{"id":14545,"date":"2024-11-27T16:10:40","date_gmt":"2024-11-27T14:10:40","guid":{"rendered":"https:\/\/www.ntvsys.de\/wp\/produkt\/kingston-ddr5-modul-16-gb-dimm-288-pin-4800-mhz-pc5-38400-cl40-1-1-v-registriert-ecc-3\/"},"modified":"2026-02-08T13:11:46","modified_gmt":"2026-02-08T11:11:46","slug":"kingston-ddr5-modul-16-gb-dimm-288-pin-4800-mhz-pc5-38400-cl40-1-1-v-registriert-ecc-3","status":"publish","type":"product","link":"https:\/\/www.ntvsys.de\/wp\/produkt\/kingston-ddr5-modul-16-gb-dimm-288-pin-4800-mhz-pc5-38400-cl40-1-1-v-registriert-ecc-3\/","title":{"rendered":"Kingston Technology KTL-TS548S8-16G Speichermodul 16 GB 1 x 16 GB DDR5 4800 MHz ECC"},"content":{"rendered":"<p>Kingston Technology KTL-TS548S8-16G. Komponente f\u00fcr: PC \/ Server, Speicherkapazit\u00e4t: 16 GB, Speicherlayout (Module x Gr\u00f6\u00dfe): 1 x 16 GB, Interner Speichertyp: DDR5, Speichertaktfrequenz: 4800 MHz, Memory Formfaktor: 288-pin DIMM, CAS Latenz: 40, ECC<\/p>\n","protected":false},"excerpt":{"rendered":"<p>Kingston Technology KTL-TS548S8-16G, 16 GB, 1 x 16 GB, DDR5, 4800 MHz, 288-pin DIMM<\/p>\n","protected":false},"featured_media":16896,"comment_status":"open","ping_status":"closed","template":"","meta":[],"product_brand":[],"product_cat":[1166],"product_tag":[],"class_list":{"0":"post-14545","1":"product","2":"type-product","3":"status-publish","4":"has-post-thumbnail","6":"product_cat-speicher","8":"first","9":"outofstock","10":"taxable","11":"shipping-taxable","12":"purchasable","13":"product-type-simple"},"_links":{"self":[{"href":"https:\/\/www.ntvsys.de\/wp\/wp-json\/wp\/v2\/product\/14545","targetHints":{"allow":["GET"]}}],"collection":[{"href":"https:\/\/www.ntvsys.de\/wp\/wp-json\/wp\/v2\/product"}],"about":[{"href":"https:\/\/www.ntvsys.de\/wp\/wp-json\/wp\/v2\/types\/product"}],"replies":[{"embeddable":true,"href":"https:\/\/www.ntvsys.de\/wp\/wp-json\/wp\/v2\/comments?post=14545"}],"wp:featuredmedia":[{"embeddable":true,"href":"https:\/\/www.ntvsys.de\/wp\/wp-json\/wp\/v2\/media\/16896"}],"wp:attachment":[{"href":"https:\/\/www.ntvsys.de\/wp\/wp-json\/wp\/v2\/media?parent=14545"}],"wp:term":[{"taxonomy":"product_brand","embeddable":true,"href":"https:\/\/www.ntvsys.de\/wp\/wp-json\/wp\/v2\/product_brand?post=14545"},{"taxonomy":"product_cat","embeddable":true,"href":"https:\/\/www.ntvsys.de\/wp\/wp-json\/wp\/v2\/product_cat?post=14545"},{"taxonomy":"product_tag","embeddable":true,"href":"https:\/\/www.ntvsys.de\/wp\/wp-json\/wp\/v2\/product_tag?post=14545"}],"curies":[{"name":"wp","href":"https:\/\/api.w.org\/{rel}","templated":true}]}}