{"id":14548,"date":"2024-11-27T16:10:41","date_gmt":"2024-11-27T14:10:41","guid":{"rendered":"https:\/\/www.ntvsys.de\/wp\/produkt\/cherry-gentix-bt-maus-optisch-7-tasten-kabellos-bluetooth-4-0-kirschbluete\/"},"modified":"2026-02-08T13:11:41","modified_gmt":"2026-02-08T11:11:41","slug":"cherry-gentix-bt-maus-optisch-7-tasten-kabellos-bluetooth-4-0-kirschbluete","status":"publish","type":"product","link":"https:\/\/www.ntvsys.de\/wp\/produkt\/cherry-gentix-bt-maus-optisch-7-tasten-kabellos-bluetooth-4-0-kirschbluete\/","title":{"rendered":"CHERRY GENTIX BT Maus Gaming Beidh\u00e4ndig Bluetooth Optisch 2000 DPI"},"content":{"rendered":"<p>CHERRY GENTIX BT. Formfaktor: Beidh\u00e4ndig. Bewegungerfassungs Technologie: Optisch, Ger\u00e4teschnittstelle: Bluetooth, Bewegung Aufl\u00f6sung: 2000 DPI, Tastentyp: Gedr\u00fcckte Tasten, Knopfanzahl: 7, Scroll Typ: Rad. Energiequelle: Batterien. Produktfarbe: Pink<\/p>\n","protected":false},"excerpt":{"rendered":"<p>CHERRY GENTIX BT, Beidh\u00e4ndig, Optisch, Bluetooth, 2000 DPI, Pink<\/p>\n","protected":false},"featured_media":16898,"comment_status":"open","ping_status":"closed","template":"","meta":[],"product_brand":[],"product_cat":[1071],"product_tag":[],"class_list":{"0":"post-14548","1":"product","2":"type-product","3":"status-publish","4":"has-post-thumbnail","6":"product_cat-maeuse","8":"first","9":"outofstock","10":"taxable","11":"shipping-taxable","12":"purchasable","13":"product-type-simple"},"_links":{"self":[{"href":"https:\/\/www.ntvsys.de\/wp\/wp-json\/wp\/v2\/product\/14548","targetHints":{"allow":["GET"]}}],"collection":[{"href":"https:\/\/www.ntvsys.de\/wp\/wp-json\/wp\/v2\/product"}],"about":[{"href":"https:\/\/www.ntvsys.de\/wp\/wp-json\/wp\/v2\/types\/product"}],"replies":[{"embeddable":true,"href":"https:\/\/www.ntvsys.de\/wp\/wp-json\/wp\/v2\/comments?post=14548"}],"wp:featuredmedia":[{"embeddable":true,"href":"https:\/\/www.ntvsys.de\/wp\/wp-json\/wp\/v2\/media\/16898"}],"wp:attachment":[{"href":"https:\/\/www.ntvsys.de\/wp\/wp-json\/wp\/v2\/media?parent=14548"}],"wp:term":[{"taxonomy":"product_brand","embeddable":true,"href":"https:\/\/www.ntvsys.de\/wp\/wp-json\/wp\/v2\/product_brand?post=14548"},{"taxonomy":"product_cat","embeddable":true,"href":"https:\/\/www.ntvsys.de\/wp\/wp-json\/wp\/v2\/product_cat?post=14548"},{"taxonomy":"product_tag","embeddable":true,"href":"https:\/\/www.ntvsys.de\/wp\/wp-json\/wp\/v2\/product_tag?post=14548"}],"curies":[{"name":"wp","href":"https:\/\/api.w.org\/{rel}","templated":true}]}}