{"id":14599,"date":"2024-11-27T16:10:58","date_gmt":"2024-11-27T14:10:58","guid":{"rendered":"https:\/\/www.ntvsys.de\/wp\/produkt\/lenovo-flip-huelle-fuer-tablet-grau-fuer-tab-m10-3rd-gen-zaae-zaaf-zaag-zaah\/"},"modified":"2024-12-10T20:05:05","modified_gmt":"2024-12-10T18:05:05","slug":"lenovo-flip-huelle-fuer-tablet-grau-fuer-tab-m10-3rd-gen-zaae-zaaf-zaag-zaah","status":"publish","type":"product","link":"https:\/\/www.ntvsys.de\/wp\/produkt\/lenovo-flip-huelle-fuer-tablet-grau-fuer-tab-m10-3rd-gen-zaae-zaaf-zaag-zaah\/","title":{"rendered":"Lenovo ZG38C03900 Tablet-Schutzh\u00fclle 25,6 cm (10.1&#8243;) Folio Grau"},"content":{"rendered":"<p>Lenovo ZG38C03900. Etui-Typ: Folio, Markenkompatibilit\u00e4t: Lenovo, Kompatibilit\u00e4t: Tab M10 3 Gen, Maximale Bildschirmgr\u00f6\u00dfe: 25,6 cm (10.1&#8243;), Anzahl der Stand-Modi: 2. Gewicht: 217 g<\/p>\n","protected":false},"excerpt":{"rendered":"<p>Lenovo ZG38C03900, Folio, Lenovo, Tab M10 3 Gen, 25,6 cm (10.1&#8243;), 217 g<\/p>\n","protected":false},"featured_media":16915,"comment_status":"open","ping_status":"closed","template":"","meta":[],"product_brand":[],"product_cat":[4158],"product_tag":[],"class_list":{"0":"post-14599","1":"product","2":"type-product","3":"status-publish","4":"has-post-thumbnail","6":"product_cat-taschen-gehaeuse","8":"first","9":"instock","10":"taxable","11":"shipping-taxable","12":"purchasable","13":"product-type-simple"},"_links":{"self":[{"href":"https:\/\/www.ntvsys.de\/wp\/wp-json\/wp\/v2\/product\/14599","targetHints":{"allow":["GET"]}}],"collection":[{"href":"https:\/\/www.ntvsys.de\/wp\/wp-json\/wp\/v2\/product"}],"about":[{"href":"https:\/\/www.ntvsys.de\/wp\/wp-json\/wp\/v2\/types\/product"}],"replies":[{"embeddable":true,"href":"https:\/\/www.ntvsys.de\/wp\/wp-json\/wp\/v2\/comments?post=14599"}],"wp:featuredmedia":[{"embeddable":true,"href":"https:\/\/www.ntvsys.de\/wp\/wp-json\/wp\/v2\/media\/16915"}],"wp:attachment":[{"href":"https:\/\/www.ntvsys.de\/wp\/wp-json\/wp\/v2\/media?parent=14599"}],"wp:term":[{"taxonomy":"product_brand","embeddable":true,"href":"https:\/\/www.ntvsys.de\/wp\/wp-json\/wp\/v2\/product_brand?post=14599"},{"taxonomy":"product_cat","embeddable":true,"href":"https:\/\/www.ntvsys.de\/wp\/wp-json\/wp\/v2\/product_cat?post=14599"},{"taxonomy":"product_tag","embeddable":true,"href":"https:\/\/www.ntvsys.de\/wp\/wp-json\/wp\/v2\/product_tag?post=14599"}],"curies":[{"name":"wp","href":"https:\/\/api.w.org\/{rel}","templated":true}]}}