{"id":14738,"date":"2024-11-27T16:11:45","date_gmt":"2024-11-27T14:11:45","guid":{"rendered":"https:\/\/www.ntvsys.de\/wp\/produkt\/kingston-fury-beast-rgb-ddr5-modul-8-gb-dimm-288-pin-6000-mhz-pc5-48000-cl36-1-35-v-ungepuffert-on-die-ecc-schwarz\/"},"modified":"2026-02-08T13:12:32","modified_gmt":"2026-02-08T11:12:32","slug":"kingston-fury-beast-rgb-ddr5-modul-8-gb-dimm-288-pin-6000-mhz-pc5-48000-cl36-1-35-v-ungepuffert-on-die-ecc-schwarz","status":"publish","type":"product","link":"https:\/\/www.ntvsys.de\/wp\/produkt\/kingston-fury-beast-rgb-ddr5-modul-8-gb-dimm-288-pin-6000-mhz-pc5-48000-cl36-1-35-v-ungepuffert-on-die-ecc-schwarz\/","title":{"rendered":"Kingston Technology FURY Beast 8 GB 6000 MT\/s DDR5 CL36 DIMM RGB EXPO"},"content":{"rendered":"<p>Kingston Technology FURY Beast 8 GB 6000 MT\/s DDR5 CL36 DIMM RGB EXPO. Komponente f\u00fcr: PC, Speicherkapazit\u00e4t: 8 GB, Speicherlayout (Module x Gr\u00f6\u00dfe): 1 x 8 GB, Interner Speichertyp: DDR5, Speichertaktfrequenz: 3000 MHz, Memory Formfaktor: 288-pin DIMM, CAS Latenz: 36<\/p>\n","protected":false},"excerpt":{"rendered":"<p>Kingston Technology FURY Beast 8 GB 6000 MT\/s DDR5 CL36 DIMM RGB EXPO, 8 GB, 1 x 8 GB, DDR5, 3000 MHz, 288-pin DIMM<\/p>\n","protected":false},"featured_media":16966,"comment_status":"open","ping_status":"closed","template":"","meta":[],"product_brand":[],"product_cat":[1166],"product_tag":[],"class_list":{"0":"post-14738","1":"product","2":"type-product","3":"status-publish","4":"has-post-thumbnail","6":"product_cat-speicher","8":"first","9":"outofstock","10":"taxable","11":"shipping-taxable","12":"purchasable","13":"product-type-simple"},"_links":{"self":[{"href":"https:\/\/www.ntvsys.de\/wp\/wp-json\/wp\/v2\/product\/14738","targetHints":{"allow":["GET"]}}],"collection":[{"href":"https:\/\/www.ntvsys.de\/wp\/wp-json\/wp\/v2\/product"}],"about":[{"href":"https:\/\/www.ntvsys.de\/wp\/wp-json\/wp\/v2\/types\/product"}],"replies":[{"embeddable":true,"href":"https:\/\/www.ntvsys.de\/wp\/wp-json\/wp\/v2\/comments?post=14738"}],"wp:featuredmedia":[{"embeddable":true,"href":"https:\/\/www.ntvsys.de\/wp\/wp-json\/wp\/v2\/media\/16966"}],"wp:attachment":[{"href":"https:\/\/www.ntvsys.de\/wp\/wp-json\/wp\/v2\/media?parent=14738"}],"wp:term":[{"taxonomy":"product_brand","embeddable":true,"href":"https:\/\/www.ntvsys.de\/wp\/wp-json\/wp\/v2\/product_brand?post=14738"},{"taxonomy":"product_cat","embeddable":true,"href":"https:\/\/www.ntvsys.de\/wp\/wp-json\/wp\/v2\/product_cat?post=14738"},{"taxonomy":"product_tag","embeddable":true,"href":"https:\/\/www.ntvsys.de\/wp\/wp-json\/wp\/v2\/product_tag?post=14738"}],"curies":[{"name":"wp","href":"https:\/\/api.w.org\/{rel}","templated":true}]}}