{"id":1493,"date":"2014-12-17T17:13:37","date_gmt":"2014-12-17T15:13:37","guid":{"rendered":"https:\/\/www.ntvsys.de\/wp\/?product=axis-q6044-0569-002"},"modified":"2018-01-23T10:41:47","modified_gmt":"2018-01-23T08:41:47","slug":"axis-q6044-0569-002","status":"publish","type":"product","link":"https:\/\/www.ntvsys.de\/wp\/produkt\/axis-q6044-0569-002\/","title":{"rendered":"Axis Q6044 (0569-002)"},"content":{"rendered":"<ul>\n<li>HDTV 720p-Aufl\u00f6sung und 30-facher optischer Zoom<\/li>\n<li>IP52-konformer Schutz vor Staub und Tropfwasser<\/li>\n<li>Sto\u00dferkennung<\/li>\n<li>Verbessertes intelligentes Video<\/li>\n<li>Power-over-Ethernet-Plus (IEEE 802.3at)<\/li>\n<li><a href=\"https:\/\/www.ntvsys.de\/wp\/wp-content\/uploads\/2014\/12\/um_q6044_60190_en_1410.pdf\" target=\"_blank\">PDF<\/a><\/li>\n<\/ul>\n<p>Erfassung gro\u00dfer Bereiche<\/p>\n<p>Die AXIS Q6044 ist ein PTZ-Dome-Spitzenmodell f\u00fcr den Innenbereich, das mit HDTV 720p-Aufl\u00f6sung, 30-fachem optischem Zoom und schnellem, pr\u00e4zisem Schwenken und Neigen gro\u00dfe Bereiche abdeckt und detaillierte Zoomansichten bietet. Sie eignet sich ideal f\u00fcr Flugh\u00e4fen, Bahnh\u00f6fe, Stadien, Einkaufszentren, Kaufh\u00e4user und Fertigungsanlagen.<br \/>\nZuverl\u00e4ssiger Betrieb<\/p>\n<p>Die robuste AXIS Q6044 ist f\u00fcr den 24\/7 Betrieb geeignet und kann mittels Rundgang\u00fcberwachung automatisch in 256 voreingestellte Positionen ausgerichtet werden und diese, wenn gew\u00fcnscht, nacheinander abfahren. Dank der Kombination aus leistungsstarkem Zoom und HDTV-Aufl\u00f6sung erm\u00f6glicht die Kamera eine detailreiche \u00dcberwachung auch aus gro\u00dfen Entfernungen. Die einstellbare Tag-\/Nacht-Funktionalit\u00e4t und die hohe Lichtempfindlichkeit der Kamera garantieren auch bei schlechten Lichtverh\u00e4ltnissen gute Bildqualit\u00e4t.<\/p>\n<p>Die AXIS Q6044 ist nach IP52 gegen Staub und Tropfwasser gesch\u00fctzt und unterst\u00fctzt dank des mitgelieferten High-PoE-Midspan die Versorgung \u00fcber Power-over-Ethernet-Plus (IEEE 802.3at). Au\u00dferdem verf\u00fcgt die PTZ-Dome-Kamera \u00fcber eine Sto\u00dferkennung, die Schl\u00e4ge gegen die Kamera mechanisch erfasst und entsprechend Alarm ausl\u00f6st. Die elektronische Bildstabilisierung reduziert den Einfluss etwaiger Kameravibrationen auf die Videobilder und erm\u00f6glicht so ein klareres Video.<\/p>\n<p>Intelligentes Video<\/p>\n<p>Zu den integrierten Videoanalysefunktionen der AXIS Q6044 geh\u00f6rt auch Active Gatekeeper. Dadurch l\u00e4sst sich die Kamera beim Entdecken einer Bewegung in einem vordefinierten Bereich automatisch auf eine voreingestellte Position ausrichten, um dann das erkannte Objekt zu verfolgen. Zudem verf\u00fcgt die Kamera \u00fcber umfangreiche Kapazit\u00e4ten f\u00fcr intelligente Videoanwendungen dritter Hersteller.<\/p>\n<p>Zwei-Wege-Audio und E\/A<\/p>\n<p>Mit einem optionalen Multi-Verbindungskabel unterst\u00fctzt die AXIS Q6044 Zwei-Wege-Audio, Audioerkennung, Ein- und Ausg\u00e4nge f\u00fcr externe Ger\u00e4te und Wechsel- oder Gleichstromversorgung. Die Kamera verf\u00fcgt \u00fcber einen integrierten Speicherkarteneinschub f\u00fcr die lokale Speicherung von Aufnahmen.<\/p>\n","protected":false},"excerpt":{"rendered":"<p>\u2022 Bildsensor: 1\/3&#8243; CCD<br \/>\n\u2022 Aufl\u00f6sung: 1280&#215;720 (25fps)<br \/>\n\u2022 Objektiv: 4.4-132mm (F1.4-F4.6)<br \/>\n\u2022 Lichtempfindlichkeit: 0.2 Lux (Farbe), 0.04 Lux (S\/W)<br \/>\n\u2022 Sichtwinkel: 2.2\u00b0-62.9\u00b0<br \/>\n\u2022 Schwenken: 360\u00b0<br \/>\n\u2022 Neigen: 220\u00b0<br \/>\n\u2022 Zoom: 30x optisch, 12x digital<br \/>\n\u2022 Komprimierung: MJPEG, H.264<br \/>\n\u2022 Schnittstellen: 1x LAN (PoE+), 1x SDXC-Slot<br \/>\n\u2022 Schutzklasse: IP52<br \/>\n\u2022 Besonderheiten: Dome, Bewegungserkennung, Multistreaming, IR-Filter, ONVIF<\/p>\n","protected":false},"featured_media":1501,"comment_status":"closed","ping_status":"closed","template":"","meta":[],"product_brand":[],"product_cat":[31,23],"product_tag":[50],"class_list":{"0":"post-1493","1":"product","2":"type-product","3":"status-publish","4":"has-post-thumbnail","6":"product_cat-ptz-kameras","7":"product_cat-videoueberwachung","8":"product_tag-vga-aufloesung","10":"first","11":"instock","12":"taxable","13":"shipping-taxable","14":"purchasable","15":"product-type-simple"},"_links":{"self":[{"href":"https:\/\/www.ntvsys.de\/wp\/wp-json\/wp\/v2\/product\/1493","targetHints":{"allow":["GET"]}}],"collection":[{"href":"https:\/\/www.ntvsys.de\/wp\/wp-json\/wp\/v2\/product"}],"about":[{"href":"https:\/\/www.ntvsys.de\/wp\/wp-json\/wp\/v2\/types\/product"}],"replies":[{"embeddable":true,"href":"https:\/\/www.ntvsys.de\/wp\/wp-json\/wp\/v2\/comments?post=1493"}],"wp:featuredmedia":[{"embeddable":true,"href":"https:\/\/www.ntvsys.de\/wp\/wp-json\/wp\/v2\/media\/1501"}],"wp:attachment":[{"href":"https:\/\/www.ntvsys.de\/wp\/wp-json\/wp\/v2\/media?parent=1493"}],"wp:term":[{"taxonomy":"product_brand","embeddable":true,"href":"https:\/\/www.ntvsys.de\/wp\/wp-json\/wp\/v2\/product_brand?post=1493"},{"taxonomy":"product_cat","embeddable":true,"href":"https:\/\/www.ntvsys.de\/wp\/wp-json\/wp\/v2\/product_cat?post=1493"},{"taxonomy":"product_tag","embeddable":true,"href":"https:\/\/www.ntvsys.de\/wp\/wp-json\/wp\/v2\/product_tag?post=1493"}],"curies":[{"name":"wp","href":"https:\/\/api.w.org\/{rel}","templated":true}]}}