{"id":15035,"date":"2024-11-27T16:13:27","date_gmt":"2024-11-27T14:13:27","guid":{"rendered":"https:\/\/www.ntvsys.de\/wp\/produkt\/dell-precision-7680-intel-core-i9-13950hx-2-2-ghz-win-11-pro-nvidia-rtx-3500-ada-32-gb-ram-1-tb-ssd-nvme-class-40-40-64-cm-16-1920-x-1200-full-hd-plus-wi-fi-6e-grau-btp-mit\/"},"modified":"2026-02-08T13:13:35","modified_gmt":"2026-02-08T11:13:35","slug":"dell-precision-7680-intel-core-i9-13950hx-2-2-ghz-win-11-pro-nvidia-rtx-3500-ada-32-gb-ram-1-tb-ssd-nvme-class-40-40-64-cm-16-1920-x-1200-full-hd-plus-wi-fi-6e-grau-btp-mit","status":"publish","type":"product","link":"https:\/\/www.ntvsys.de\/wp\/produkt\/dell-precision-7680-intel-core-i9-13950hx-2-2-ghz-win-11-pro-nvidia-rtx-3500-ada-32-gb-ram-1-tb-ssd-nvme-class-40-40-64-cm-16-1920-x-1200-full-hd-plus-wi-fi-6e-grau-btp-mit\/","title":{"rendered":"DELL Precision 7680 Intel\u00ae Core\u2122 i9 i9-13950HX Mobiler Arbeitsplatz 40,6 cm (16&#8243;) Full HD+ 32 GB DDR5-SDRAM 1 TB SSD NVIDIA RTX 3500 Ada Wi-Fi 6E (802.11ax) Windows 11 Pro Grau"},"content":{"rendered":"<p>DELL Precision 7680. Produkttyp: Mobiler Arbeitsplatz, Formfaktor: Klappgeh\u00e4use. Prozessorfamilie: Intel\u00ae Core\u2122 i9, Prozessor: i9-13950HX. Bildschirmdiagonale: 40,6 cm (16&#8243;), HD-Typ: Full HD+, Display-Aufl\u00f6sung: 1920 x 1200 Pixel. Speicherkapazit\u00e4t: 32 GB, Interner Speichertyp: DDR5-SDRAM. Gesamtspeicherkapazit\u00e4t: 1 TB, Speichermedien: SSD. Eingebautes Grafikkartenmodell: Intel\u00ae UHD Graphics, Separates Grafikkartenmodell: NVIDIA RTX 3500 Ada. Installiertes Betriebssystem: Windows 11 Pro. Produktfarbe: Grau<\/p>\n","protected":false},"excerpt":{"rendered":"<p>DELL Precision 7680, Intel\u00ae Core\u2122 i9, 40,6 cm (16&#8243;), 1920 x 1200 Pixel, 32 GB, 1 TB, Windows 11 Pro<\/p>\n","protected":false},"featured_media":17080,"comment_status":"open","ping_status":"closed","template":"","meta":[],"product_brand":[],"product_cat":[1818],"product_tag":[],"class_list":{"0":"post-15035","1":"product","2":"type-product","3":"status-publish","4":"has-post-thumbnail","6":"product_cat-mobile-workstations","8":"first","9":"instock","10":"taxable","11":"shipping-taxable","12":"purchasable","13":"product-type-simple"},"_links":{"self":[{"href":"https:\/\/www.ntvsys.de\/wp\/wp-json\/wp\/v2\/product\/15035","targetHints":{"allow":["GET"]}}],"collection":[{"href":"https:\/\/www.ntvsys.de\/wp\/wp-json\/wp\/v2\/product"}],"about":[{"href":"https:\/\/www.ntvsys.de\/wp\/wp-json\/wp\/v2\/types\/product"}],"replies":[{"embeddable":true,"href":"https:\/\/www.ntvsys.de\/wp\/wp-json\/wp\/v2\/comments?post=15035"}],"wp:featuredmedia":[{"embeddable":true,"href":"https:\/\/www.ntvsys.de\/wp\/wp-json\/wp\/v2\/media\/17080"}],"wp:attachment":[{"href":"https:\/\/www.ntvsys.de\/wp\/wp-json\/wp\/v2\/media?parent=15035"}],"wp:term":[{"taxonomy":"product_brand","embeddable":true,"href":"https:\/\/www.ntvsys.de\/wp\/wp-json\/wp\/v2\/product_brand?post=15035"},{"taxonomy":"product_cat","embeddable":true,"href":"https:\/\/www.ntvsys.de\/wp\/wp-json\/wp\/v2\/product_cat?post=15035"},{"taxonomy":"product_tag","embeddable":true,"href":"https:\/\/www.ntvsys.de\/wp\/wp-json\/wp\/v2\/product_tag?post=15035"}],"curies":[{"name":"wp","href":"https:\/\/api.w.org\/{rel}","templated":true}]}}