{"id":15169,"date":"2024-11-27T16:14:14","date_gmt":"2024-11-27T14:14:14","guid":{"rendered":"https:\/\/www.ntvsys.de\/wp\/produkt\/kingston-fury-renegade-ddr5-kit-96-gb-2-x-48-gb-dimm-288-pin-6000-mhz-pc5-48000-cl32-1-35-v-ungepuffert-on-die-ecc-schwarz-silber\/"},"modified":"2026-02-08T13:12:48","modified_gmt":"2026-02-08T11:12:48","slug":"kingston-fury-renegade-ddr5-kit-96-gb-2-x-48-gb-dimm-288-pin-6000-mhz-pc5-48000-cl32-1-35-v-ungepuffert-on-die-ecc-schwarz-silber","status":"publish","type":"product","link":"https:\/\/www.ntvsys.de\/wp\/produkt\/kingston-fury-renegade-ddr5-kit-96-gb-2-x-48-gb-dimm-288-pin-6000-mhz-pc5-48000-cl32-1-35-v-ungepuffert-on-die-ecc-schwarz-silber\/","title":{"rendered":"Kingston Technology FURY 96GB 6000MT\/s DDR5 CL32 DIMM (2er-Kit) Renegade Silver XMP"},"content":{"rendered":"<p>Kingston Technology FURY 96GB 6000MT\/s DDR5 CL32 DIMM (2er-Kit) Renegade Silver XMP. Komponente f\u00fcr: PC, Speicherkapazit\u00e4t: 96 GB, Speicherlayout (Module x Gr\u00f6\u00dfe): 2 x 48 GB, Interner Speichertyp: DDR5, Speichertaktfrequenz: 3000 MHz, Memory Formfaktor: 288-pin DIMM, CAS Latenz: 32<\/p>\n","protected":false},"excerpt":{"rendered":"<p>Kingston Technology FURY 96GB 6000MT\/s DDR5 CL32 DIMM (2er-Kit) Renegade Silver XMP, 96 GB, 2 x 48 GB, DDR5, 3000 MHz, 288-pin DIMM<\/p>\n","protected":false},"featured_media":17129,"comment_status":"open","ping_status":"closed","template":"","meta":[],"product_brand":[],"product_cat":[1166],"product_tag":[],"class_list":{"0":"post-15169","1":"product","2":"type-product","3":"status-publish","4":"has-post-thumbnail","6":"product_cat-speicher","8":"first","9":"outofstock","10":"taxable","11":"shipping-taxable","12":"purchasable","13":"product-type-simple"},"_links":{"self":[{"href":"https:\/\/www.ntvsys.de\/wp\/wp-json\/wp\/v2\/product\/15169","targetHints":{"allow":["GET"]}}],"collection":[{"href":"https:\/\/www.ntvsys.de\/wp\/wp-json\/wp\/v2\/product"}],"about":[{"href":"https:\/\/www.ntvsys.de\/wp\/wp-json\/wp\/v2\/types\/product"}],"replies":[{"embeddable":true,"href":"https:\/\/www.ntvsys.de\/wp\/wp-json\/wp\/v2\/comments?post=15169"}],"wp:featuredmedia":[{"embeddable":true,"href":"https:\/\/www.ntvsys.de\/wp\/wp-json\/wp\/v2\/media\/17129"}],"wp:attachment":[{"href":"https:\/\/www.ntvsys.de\/wp\/wp-json\/wp\/v2\/media?parent=15169"}],"wp:term":[{"taxonomy":"product_brand","embeddable":true,"href":"https:\/\/www.ntvsys.de\/wp\/wp-json\/wp\/v2\/product_brand?post=15169"},{"taxonomy":"product_cat","embeddable":true,"href":"https:\/\/www.ntvsys.de\/wp\/wp-json\/wp\/v2\/product_cat?post=15169"},{"taxonomy":"product_tag","embeddable":true,"href":"https:\/\/www.ntvsys.de\/wp\/wp-json\/wp\/v2\/product_tag?post=15169"}],"curies":[{"name":"wp","href":"https:\/\/api.w.org\/{rel}","templated":true}]}}