{"id":15223,"date":"2024-11-27T16:14:32","date_gmt":"2024-11-27T14:14:32","guid":{"rendered":"https:\/\/www.ntvsys.de\/wp\/produkt\/lenovo-storage-festplatte-20-tb-hot-swap-3-5-lff-8-9-cm-lff-sas-12gb-s-nearline-7200-rpm\/"},"modified":"2026-02-08T13:15:22","modified_gmt":"2026-02-08T11:15:22","slug":"lenovo-storage-festplatte-20-tb-hot-swap-3-5-lff-8-9-cm-lff-sas-12gb-s-nearline-7200-rpm","status":"publish","type":"product","link":"https:\/\/www.ntvsys.de\/wp\/produkt\/lenovo-storage-festplatte-20-tb-hot-swap-3-5-lff-8-9-cm-lff-sas-12gb-s-nearline-7200-rpm\/","title":{"rendered":"Lenovo 4XB7A83368 Interne Festplatte 20 TB 7200 RPM 3.5&#8243; SAS"},"content":{"rendered":"<p>Lenovo 4XB7A83368. HDD Kapazit\u00e4t: 20 TB, HDD Geschwindigkeit: 7200 RPM, HDD Gr\u00f6\u00dfe: 3.5&#8243;, Schnittstelle: SAS<\/p>\n","protected":false},"excerpt":{"rendered":"<p>Lenovo 4XB7A83368, 20 TB, 7200 RPM, 3.5&#8243;, SAS<\/p>\n","protected":false},"featured_media":17143,"comment_status":"open","ping_status":"closed","template":"","meta":[],"product_brand":[],"product_cat":[1115],"product_tag":[],"class_list":{"0":"post-15223","1":"product","2":"type-product","3":"status-publish","4":"has-post-thumbnail","6":"product_cat-interne-festplatten","8":"first","9":"outofstock","10":"taxable","11":"shipping-taxable","12":"purchasable","13":"product-type-simple"},"_links":{"self":[{"href":"https:\/\/www.ntvsys.de\/wp\/wp-json\/wp\/v2\/product\/15223","targetHints":{"allow":["GET"]}}],"collection":[{"href":"https:\/\/www.ntvsys.de\/wp\/wp-json\/wp\/v2\/product"}],"about":[{"href":"https:\/\/www.ntvsys.de\/wp\/wp-json\/wp\/v2\/types\/product"}],"replies":[{"embeddable":true,"href":"https:\/\/www.ntvsys.de\/wp\/wp-json\/wp\/v2\/comments?post=15223"}],"wp:featuredmedia":[{"embeddable":true,"href":"https:\/\/www.ntvsys.de\/wp\/wp-json\/wp\/v2\/media\/17143"}],"wp:attachment":[{"href":"https:\/\/www.ntvsys.de\/wp\/wp-json\/wp\/v2\/media?parent=15223"}],"wp:term":[{"taxonomy":"product_brand","embeddable":true,"href":"https:\/\/www.ntvsys.de\/wp\/wp-json\/wp\/v2\/product_brand?post=15223"},{"taxonomy":"product_cat","embeddable":true,"href":"https:\/\/www.ntvsys.de\/wp\/wp-json\/wp\/v2\/product_cat?post=15223"},{"taxonomy":"product_tag","embeddable":true,"href":"https:\/\/www.ntvsys.de\/wp\/wp-json\/wp\/v2\/product_tag?post=15223"}],"curies":[{"name":"wp","href":"https:\/\/api.w.org\/{rel}","templated":true}]}}