{"id":15297,"date":"2024-11-27T16:14:58","date_gmt":"2024-11-27T14:14:58","guid":{"rendered":"https:\/\/www.ntvsys.de\/wp\/produkt\/kingston-fury-renegade-ddr5-modul-32-gb-dimm-288-pin-6400-mhz-pc5-51200-cl32-1-4-v-ungepuffert-non-ecc-weiss-silber\/"},"modified":"2026-02-08T13:15:30","modified_gmt":"2026-02-08T11:15:30","slug":"kingston-fury-renegade-ddr5-modul-32-gb-dimm-288-pin-6400-mhz-pc5-51200-cl32-1-4-v-ungepuffert-non-ecc-weiss-silber","status":"publish","type":"product","link":"https:\/\/www.ntvsys.de\/wp\/produkt\/kingston-fury-renegade-ddr5-modul-32-gb-dimm-288-pin-6400-mhz-pc5-51200-cl32-1-4-v-ungepuffert-non-ecc-weiss-silber\/","title":{"rendered":"Kingston Technology FURY 32GB 6400MT\/s DDR5 CL32 DIMM Renegade White XMP"},"content":{"rendered":"<p>Kingston Technology FURY 32GB 6400MT\/s DDR5 CL32 DIMM Renegade White XMP. Komponente f\u00fcr: PC, Speicherkapazit\u00e4t: 32 GB, Speicherlayout (Module x Gr\u00f6\u00dfe): 1 x 32 GB, Interner Speichertyp: DDR5, Memory Formfaktor: 288-pin DIMM, CAS Latenz: 32<\/p>\n","protected":false},"excerpt":{"rendered":"<p>Kingston Technology FURY 32GB 6400MT\/s DDR5 CL32 DIMM Renegade White XMP, 32 GB, 1 x 32 GB, DDR5, 288-pin DIMM<\/p>\n","protected":false},"featured_media":17165,"comment_status":"open","ping_status":"closed","template":"","meta":[],"product_brand":[],"product_cat":[1166],"product_tag":[],"class_list":{"0":"post-15297","1":"product","2":"type-product","3":"status-publish","4":"has-post-thumbnail","6":"product_cat-speicher","8":"first","9":"outofstock","10":"taxable","11":"shipping-taxable","12":"purchasable","13":"product-type-simple"},"_links":{"self":[{"href":"https:\/\/www.ntvsys.de\/wp\/wp-json\/wp\/v2\/product\/15297","targetHints":{"allow":["GET"]}}],"collection":[{"href":"https:\/\/www.ntvsys.de\/wp\/wp-json\/wp\/v2\/product"}],"about":[{"href":"https:\/\/www.ntvsys.de\/wp\/wp-json\/wp\/v2\/types\/product"}],"replies":[{"embeddable":true,"href":"https:\/\/www.ntvsys.de\/wp\/wp-json\/wp\/v2\/comments?post=15297"}],"wp:featuredmedia":[{"embeddable":true,"href":"https:\/\/www.ntvsys.de\/wp\/wp-json\/wp\/v2\/media\/17165"}],"wp:attachment":[{"href":"https:\/\/www.ntvsys.de\/wp\/wp-json\/wp\/v2\/media?parent=15297"}],"wp:term":[{"taxonomy":"product_brand","embeddable":true,"href":"https:\/\/www.ntvsys.de\/wp\/wp-json\/wp\/v2\/product_brand?post=15297"},{"taxonomy":"product_cat","embeddable":true,"href":"https:\/\/www.ntvsys.de\/wp\/wp-json\/wp\/v2\/product_cat?post=15297"},{"taxonomy":"product_tag","embeddable":true,"href":"https:\/\/www.ntvsys.de\/wp\/wp-json\/wp\/v2\/product_tag?post=15297"}],"curies":[{"name":"wp","href":"https:\/\/api.w.org\/{rel}","templated":true}]}}