{"id":15428,"date":"2024-11-27T16:15:44","date_gmt":"2024-11-27T14:15:44","guid":{"rendered":"https:\/\/www.ntvsys.de\/wp\/produkt\/lenovo-ddr5-modul-16-gb-dimm-288-pin-4800-mhz-ungepuffert-gruen-fuer-thinkstation-p3-30gs\/"},"modified":"2024-12-10T20:25:12","modified_gmt":"2024-12-10T18:25:12","slug":"lenovo-ddr5-modul-16-gb-dimm-288-pin-4800-mhz-ungepuffert-gruen-fuer-thinkstation-p3-30gs","status":"publish","type":"product","link":"https:\/\/www.ntvsys.de\/wp\/produkt\/lenovo-ddr5-modul-16-gb-dimm-288-pin-4800-mhz-ungepuffert-gruen-fuer-thinkstation-p3-30gs\/","title":{"rendered":"Lenovo 4X71N34264 Speichermodul 16 GB 1 x 16 GB DDR5 4800 MHz"},"content":{"rendered":"<p>Lenovo 4X71N34264. Komponente f\u00fcr: PC \/ Server, Speicherkapazit\u00e4t: 16 GB, Speicherlayout (Module x Gr\u00f6\u00dfe): 1 x 16 GB, Interner Speichertyp: DDR5, Speichertaktfrequenz: 4800 MHz<\/p>\n","protected":false},"excerpt":{"rendered":"<p>Lenovo 4X71N34264, 16 GB, 1 x 16 GB, DDR5, 4800 MHz<\/p>\n","protected":false},"featured_media":17209,"comment_status":"open","ping_status":"closed","template":"","meta":[],"product_brand":[],"product_cat":[1166],"product_tag":[],"class_list":{"0":"post-15428","1":"product","2":"type-product","3":"status-publish","4":"has-post-thumbnail","6":"product_cat-speicher","8":"first","9":"instock","10":"taxable","11":"shipping-taxable","12":"purchasable","13":"product-type-simple"},"_links":{"self":[{"href":"https:\/\/www.ntvsys.de\/wp\/wp-json\/wp\/v2\/product\/15428","targetHints":{"allow":["GET"]}}],"collection":[{"href":"https:\/\/www.ntvsys.de\/wp\/wp-json\/wp\/v2\/product"}],"about":[{"href":"https:\/\/www.ntvsys.de\/wp\/wp-json\/wp\/v2\/types\/product"}],"replies":[{"embeddable":true,"href":"https:\/\/www.ntvsys.de\/wp\/wp-json\/wp\/v2\/comments?post=15428"}],"wp:featuredmedia":[{"embeddable":true,"href":"https:\/\/www.ntvsys.de\/wp\/wp-json\/wp\/v2\/media\/17209"}],"wp:attachment":[{"href":"https:\/\/www.ntvsys.de\/wp\/wp-json\/wp\/v2\/media?parent=15428"}],"wp:term":[{"taxonomy":"product_brand","embeddable":true,"href":"https:\/\/www.ntvsys.de\/wp\/wp-json\/wp\/v2\/product_brand?post=15428"},{"taxonomy":"product_cat","embeddable":true,"href":"https:\/\/www.ntvsys.de\/wp\/wp-json\/wp\/v2\/product_cat?post=15428"},{"taxonomy":"product_tag","embeddable":true,"href":"https:\/\/www.ntvsys.de\/wp\/wp-json\/wp\/v2\/product_tag?post=15428"}],"curies":[{"name":"wp","href":"https:\/\/api.w.org\/{rel}","templated":true}]}}