{"id":15442,"date":"2024-11-27T16:15:48","date_gmt":"2024-11-27T14:15:48","guid":{"rendered":"https:\/\/www.ntvsys.de\/wp\/produkt\/kingston-fury-renegade-ddr5-modul-16-gb-dimm-288-pin-7200-mhz-pc5-57600-cl38-1-45-v-on-die-ecc\/"},"modified":"2026-02-08T12:54:06","modified_gmt":"2026-02-08T10:54:06","slug":"kingston-fury-renegade-ddr5-modul-16-gb-dimm-288-pin-7200-mhz-pc5-57600-cl38-1-45-v-on-die-ecc","status":"publish","type":"product","link":"https:\/\/www.ntvsys.de\/wp\/produkt\/kingston-fury-renegade-ddr5-modul-16-gb-dimm-288-pin-7200-mhz-pc5-57600-cl38-1-45-v-on-die-ecc\/","title":{"rendered":"Kingston Technology FURY 16GB 7200MT\/s DDR5 CL38 DIMM Renegade Silber XMP"},"content":{"rendered":"<p>Kingston Technology FURY 16GB 7200MT\/s DDR5 CL38 DIMM Renegade Silber XMP. Komponente f\u00fcr: PC, Speicherkapazit\u00e4t: 16 GB, Speicherlayout (Module x Gr\u00f6\u00dfe): 1 x 16 GB, Interner Speichertyp: DDR5, Memory Formfaktor: 288-pin DIMM, CAS Latenz: 38<\/p>\n","protected":false},"excerpt":{"rendered":"<p>Kingston Technology FURY 16GB 7200MT\/s DDR5 CL38 DIMM Renegade Silber XMP, 16 GB, 1 x 16 GB, DDR5, 288-pin DIMM<\/p>\n","protected":false},"featured_media":17214,"comment_status":"open","ping_status":"closed","template":"","meta":[],"product_brand":[],"product_cat":[1166],"product_tag":[],"class_list":{"0":"post-15442","1":"product","2":"type-product","3":"status-publish","4":"has-post-thumbnail","6":"product_cat-speicher","8":"first","9":"outofstock","10":"taxable","11":"shipping-taxable","12":"purchasable","13":"product-type-simple"},"_links":{"self":[{"href":"https:\/\/www.ntvsys.de\/wp\/wp-json\/wp\/v2\/product\/15442","targetHints":{"allow":["GET"]}}],"collection":[{"href":"https:\/\/www.ntvsys.de\/wp\/wp-json\/wp\/v2\/product"}],"about":[{"href":"https:\/\/www.ntvsys.de\/wp\/wp-json\/wp\/v2\/types\/product"}],"replies":[{"embeddable":true,"href":"https:\/\/www.ntvsys.de\/wp\/wp-json\/wp\/v2\/comments?post=15442"}],"wp:featuredmedia":[{"embeddable":true,"href":"https:\/\/www.ntvsys.de\/wp\/wp-json\/wp\/v2\/media\/17214"}],"wp:attachment":[{"href":"https:\/\/www.ntvsys.de\/wp\/wp-json\/wp\/v2\/media?parent=15442"}],"wp:term":[{"taxonomy":"product_brand","embeddable":true,"href":"https:\/\/www.ntvsys.de\/wp\/wp-json\/wp\/v2\/product_brand?post=15442"},{"taxonomy":"product_cat","embeddable":true,"href":"https:\/\/www.ntvsys.de\/wp\/wp-json\/wp\/v2\/product_cat?post=15442"},{"taxonomy":"product_tag","embeddable":true,"href":"https:\/\/www.ntvsys.de\/wp\/wp-json\/wp\/v2\/product_tag?post=15442"}],"curies":[{"name":"wp","href":"https:\/\/api.w.org\/{rel}","templated":true}]}}